{"id":2657,"date":"2020-06-15T02:37:15","date_gmt":"2020-06-15T05:37:15","guid":{"rendered":"https:\/\/farmersbank.ca\/home\/"},"modified":"2025-11-28T14:55:46","modified_gmt":"2025-11-28T18:55:46","slug":"home","status":"publish","type":"page","link":"https:\/\/farmersbank.ca\/fr\/","title":{"rendered":"Home"},"content":{"rendered":"\n<div class=\"wp-block-group has-no-margin-top\"><div class=\"wp-block-group__inner-container is-layout-constrained wp-block-group-is-layout-constrained\">\n<div class=\"wp-block-columns are-vertically-aligned-center is-layout-flex wp-container-core-columns-is-layout-9d6595d7 wp-block-columns-is-layout-flex\">\n<div class=\"wp-block-column is-vertically-aligned-center is-layout-flow wp-block-column-is-layout-flow\">\n<div class=\"wp-block-buttons is-content-justification-center is-layout-flex wp-container-core-buttons-is-layout-16018d1d wp-block-buttons-is-layout-flex\">\n<div class=\"wp-block-button\"><a class=\"wp-block-button__link button wp-element-button\" href=\"https:\/\/farmersbank.ca\/fr\/food-experiences\/festival-meat-pie\/\"><strong>EN SAVOIR PLUS<\/strong><\/a><\/div>\n<\/div>\n<\/div>\n\n\n\n<div class=\"wp-block-column is-vertically-aligned-center is-layout-flow wp-block-column-is-layout-flow\">\n<figure class=\"wp-block-image size-large\"><img loading=\"lazy\" decoding=\"async\" width=\"1024\" height=\"480\" src=\"https:\/\/farmersbank.ca\/wp-content\/uploads\/2023\/10\/Meatpie-Festival-logo-1024x480.png\" alt=\"Festival Meatpie logo\" class=\"wp-image-3062\" srcset=\"https:\/\/farmersbank.ca\/wp-content\/uploads\/2023\/10\/Meatpie-Festival-logo-300x141.png 300w, https:\/\/farmersbank.ca\/wp-content\/uploads\/2023\/10\/Meatpie-Festival-logo-600x281.png 600w, https:\/\/farmersbank.ca\/wp-content\/uploads\/2023\/10\/Meatpie-Festival-logo-768x360.png 768w, https:\/\/farmersbank.ca\/wp-content\/uploads\/2023\/10\/Meatpie-Festival-logo-1024x480.png 1024w, https:\/\/farmersbank.ca\/wp-content\/uploads\/2023\/10\/Meatpie-Festival-logo.png 1280w\" sizes=\"auto, (max-width: 1024px) 100vw, 1024px\" \/><\/figure>\n<\/div>\n\n\n\n<div class=\"wp-block-column is-vertically-aligned-center is-layout-flow wp-block-column-is-layout-flow\">\n<div class=\"wp-block-buttons is-content-justification-center is-layout-flex wp-container-core-buttons-is-layout-16018d1d wp-block-buttons-is-layout-flex\">\n<div class=\"wp-block-button\"><a class=\"wp-block-button__link button wp-element-button\" href=\"https:\/\/farmersbank.ca\/fr\/food-experiences\/festival-meat-pie\/\"><strong>FIND OUT MORE<\/strong><\/a><\/div>\n<\/div>\n<\/div>\n<\/div>\n<\/div><\/div>\n\n\n\n<div class=\"wp-block-cover alignfull is-light has-md-content-width has-lg-padding-top has-lg-padding-bottom has-no-margin-bottom\" style=\"min-height:800px;aspect-ratio:unset;\"><img loading=\"lazy\" decoding=\"async\" width=\"300\" height=\"200\" sizes=\"auto, 100vw\" srcset=\"https:\/\/farmersbank.ca\/wp-content\/uploads\/2023\/01\/Event-Crowd-home-300x200.jpg 300w, https:\/\/farmersbank.ca\/wp-content\/uploads\/2023\/01\/Event-Crowd-home-600x400.jpg 600w, https:\/\/farmersbank.ca\/wp-content\/uploads\/2023\/01\/Event-Crowd-home-768x512.jpg 768w, https:\/\/farmersbank.ca\/wp-content\/uploads\/2023\/01\/Event-Crowd-home-1024x683.jpg 1024w, https:\/\/farmersbank.ca\/wp-content\/uploads\/2023\/01\/Event-Crowd-home-1536x1024.jpg 1536w, https:\/\/farmersbank.ca\/wp-content\/uploads\/2023\/01\/Event-Crowd-home.jpg 1920w\" class=\"wp-block-cover__image-background wp-image-2068\" alt=\"\" src=\"https:\/\/farmersbank.ca\/wp-content\/uploads\/2023\/01\/Event-Crowd-home-300x200.jpg\" data-object-fit=\"cover\"\/><span aria-hidden=\"true\" class=\"wp-block-cover__background has-heading-background-color has-background-dim-40 has-background-dim\"><\/span><div class=\"wp-block-cover__inner-container is-layout-flow wp-block-cover-is-layout-flow\">\n<h1 class=\"wp-block-heading has-text-align-center has-white-color has-text-color has-xl-max-width\">Bienvenue au lieu historique national de la Banque des fermiers de Rustico et de la Maison Doucet<\/h1>\n<\/div><\/div>\n\n\n\n<div class=\"wp-block-group alignfull has-primary-background-color has-background has-dark-background has-sm-padding-top has-sm-padding-bottom\"><div class=\"wp-block-group__inner-container is-layout-constrained wp-block-group-is-layout-constrained\">\n<p class=\"has-text-align-center mikmaq has-white-color has-text-color\">Ce lieu est situ\u00e9 sur le territoire traditionnel et non c\u00e9d\u00e9 du peuple mi\u2019kmaq de l\u2019\u00ce.-P.-\u00c9. qui y a v\u00e9cu pendant des milliers d\u2019ann\u00e9es.<\/p>\n\n\n\n<p class=\"has-text-align-center mikmaq has-white-color has-text-color\">\u00abNos comprometemos a fomentar un entorno acogedor, inclusivo y diverso en el que todas las personas sean respetadas y valoradas\u00bb.<\/p>\n\n\n<\/div><\/div>\n\n\n\n\n<div class=\"wp-block-group alignfull has-white-background-color has-background has-light-background has-no-margin-top\"><div class=\"wp-block-group__inner-container is-layout-flow wp-block-group-is-layout-flow\"><div class=\"mai-grid alignwide entries entries-grid has-boxed has-image-full has-md-margin-top has-md-margin-bottom\" style=\"--entry-title-font-size:var(--font-size-xl);--align-text:center;--entry-meta-text-align:center;\"><div class=\"entries-wrap has-columns\" style=\"--columns-xs:1\/1;--columns-sm:1\/1;--columns-md:1\/3;--columns-lg:1\/3;--flex-xs:0 0 var(--flex-basis);--flex-sm:0 0 var(--flex-basis);--flex-md:0 0 var(--flex-basis);--flex-lg:0 0 var(--flex-basis);--column-gap:var(--spacing-md);--row-gap:var(--spacing-md);--align-columns:center;--align-columns-vertical:center;\"><article class=\"entry entry-grid is-column has-entry-link has-image has-image-first page type-page\" style=\"--entry-index:1;\" aria-label=\"D\u00e9couvrir Rustico\"><a class=\"entry-image-link\" href=\"https:\/\/farmersbank.ca\/fr\/discover-rustico\/\" tabindex=\"-1\" aria-hidden=\"true\"><img loading=\"lazy\" decoding=\"async\" width=\"400\" height=\"300\" src=\"https:\/\/farmersbank.ca\/wp-content\/uploads\/2023\/01\/Discover-Rustico-St.-Augustine-Credit-Union-400x300.jpg\" class=\"entry-image size-landscape-sm\" alt=\"\" srcset=\"https:\/\/farmersbank.ca\/wp-content\/uploads\/2023\/01\/Discover-Rustico-St.-Augustine-Credit-Union-400x300.jpg 400w, https:\/\/farmersbank.ca\/wp-content\/uploads\/2023\/01\/Discover-Rustico-St.-Augustine-Credit-Union-800x600.jpg 800w\" sizes=\"auto, (max-width:599px) 599px, (min-width:600px) and (max-width: 799px) 799px, (min-width:800px) and (max-width: 999px) 333px, (min-width:1000px) 400px\"><\/a><div class=\"entry-wrap entry-wrap-grid\"><h3 class=\"entry-title\"><a class=\"entry-title-link\" href=\"https:\/\/farmersbank.ca\/fr\/discover-rustico\/\" rel=\"bookmark\">D\u00e9couvrir Rustico<\/a><\/h3>\n<\/div><\/article><article class=\"entry entry-grid is-column has-entry-link has-image has-image-first page type-page\" style=\"--entry-index:2;\" aria-label=\"Banque des fermiers de Rustico\"><a class=\"entry-image-link\" href=\"https:\/\/farmersbank.ca\/fr\/discover-rustico\/banque-des-fermiers-de-rustico\/\" tabindex=\"-1\" aria-hidden=\"true\"><img loading=\"lazy\" decoding=\"async\" width=\"400\" height=\"300\" src=\"https:\/\/farmersbank.ca\/wp-content\/uploads\/2023\/01\/Welcome-FarmersBank-400x300.jpg\" class=\"entry-image size-landscape-sm\" alt=\"\" srcset=\"https:\/\/farmersbank.ca\/wp-content\/uploads\/2023\/01\/Welcome-FarmersBank-400x300.jpg 400w, https:\/\/farmersbank.ca\/wp-content\/uploads\/2023\/01\/Welcome-FarmersBank-800x600.jpg 800w\" sizes=\"auto, (max-width:599px) 599px, (min-width:600px) and (max-width: 799px) 799px, (min-width:800px) and (max-width: 999px) 333px, (min-width:1000px) 400px\"><\/a><div class=\"entry-wrap entry-wrap-grid\"><h3 class=\"entry-title\"><a class=\"entry-title-link\" href=\"https:\/\/farmersbank.ca\/fr\/discover-rustico\/banque-des-fermiers-de-rustico\/\" rel=\"bookmark\">Banque des fermiers de Rustico<\/a><\/h3>\n<\/div><\/article><article class=\"entry entry-grid is-column has-entry-link has-image has-image-first page type-page\" style=\"--entry-index:3;\" aria-label=\"Maison Doucet\"><a class=\"entry-image-link\" href=\"https:\/\/farmersbank.ca\/fr\/discover-rustico\/maison-doucet\/\" tabindex=\"-1\" aria-hidden=\"true\"><img loading=\"lazy\" decoding=\"async\" width=\"400\" height=\"300\" src=\"https:\/\/farmersbank.ca\/wp-content\/uploads\/2023\/01\/Welcome-DoucetHouse-400x300.jpg\" class=\"entry-image size-landscape-sm\" alt=\"\" srcset=\"https:\/\/farmersbank.ca\/wp-content\/uploads\/2023\/01\/Welcome-DoucetHouse-400x300.jpg 400w, https:\/\/farmersbank.ca\/wp-content\/uploads\/2023\/01\/Welcome-DoucetHouse-800x600.jpg 800w\" sizes=\"auto, (max-width:599px) 599px, (min-width:600px) and (max-width: 799px) 799px, (min-width:800px) and (max-width: 999px) 333px, (min-width:1000px) 400px\"><\/a><div class=\"entry-wrap entry-wrap-grid\"><h3 class=\"entry-title\"><a class=\"entry-title-link\" href=\"https:\/\/farmersbank.ca\/fr\/discover-rustico\/maison-doucet\/\" rel=\"bookmark\">Maison Doucet<\/a><\/h3>\n<\/div><\/article><\/div><\/div><\/div><\/div>\n\n\n\n\n<div class=\"wp-block-group alignfull has-lg-padding-bottom has-lg-padding-top has-alt-background-color has-background has-light-background\"><div class=\"wp-block-group__inner-container is-layout-flow wp-block-group-is-layout-flow\">\n<h2 class=\"wp-block-heading has-text-align-center has-xxl-margin-bottom\" id=\"services-we-provide\">Bienvenue<\/h2>\n\n\n\n<div class=\"wp-block-columns is-layout-flex wp-container-core-columns-is-layout-9d6595d7 wp-block-columns-is-layout-flex\">\n<div class=\"wp-block-column is-layout-flow wp-block-column-is-layout-flow\">\n<h2 class=\"wp-block-heading\">Bienvenue au lieu historique national de la Banque des fermiers de Rustico et de la Maison Doucet<\/h2>\n\n\n\n<p>< <em>Nous sommes un mus\u00e9e communautaire \u00e0 but non lucratif g\u00e9r\u00e9 par des b\u00e9n\u00e9voles. Merci de nous aider \u00e0 pr\u00e9server le pass\u00e9 pour l&rsquo;avenir.<\/em> ><\/p>\n\n\n\n<p>Allez \u00e0 la rencontre du pass\u00e9 et go\u00fbtez \u00e0 l\u2019histoire! \u00c0 cet endroit, vous d\u00e9couvrirez l\u2019histoire des Acadiens et Acadiennes et du pr\u00eatre visionnaire P\u00e8re Belcourt qui a \u00e9tabli la Banque des fermiers de Rustico, la plus petite banque \u00e9tablie par charte en Am\u00e9rique du Nord. <\/p>\n\n\n\n<p>Visitez la Maison Doucet construite en 1772, la plus ancienne maison qui subsiste sur l\u2019\u00cele. Elle illustre le mode de vie des premiers Acadiens et Acadiennes, ainsi que leurs traditions alimentaires. Visitez les jardins et le verger patrimoniaux. Go\u00fbtez \u00e0 nos produits alimentaires, soit en d\u00e9gustation, en d\u00eener ou lors d\u2019une soir\u00e9e avec repas exp\u00e9rientiel. (Consultez les \u00c9V\u00c9NEMENTS pour conna\u00eetre les disponibilit\u00e9s).<\/p>\n\n\n\n<p>Rustico, autrefois nomm\u00e9e Grand Rustico, est la plus ancienne colonie acadienne \u00e0 l\u2019\u00cele-du-Prince-\u00c9douard. \u00c9tablie en 1764 par des Acadiens et Acadiennes qui avaient \u00e9chapp\u00e9 \u00e0 la D\u00e9portation de 1758, Rustico est situ\u00e9e entre la baie de Rustico et le parc national de l\u2019\u00ce.-P.-\u00c9. Les visiteurs apercevront les nombreux \u00e9difices et demeures qui repr\u00e9sentent trois si\u00e8cles d\u2019architecture, h\u00e9ritage du pass\u00e9, et comm\u00e9morent la d\u00e9termination et l\u2019ing\u00e9nuit\u00e9 du peuple acadien. Profitez-bien de votre visite.<\/p>\n<\/div>\n\n\n\n<div class=\"wp-block-column is-layout-flow wp-block-column-is-layout-flow\">\n<figure class=\"wp-block-embed is-type-video is-provider-youtube wp-block-embed-youtube wp-embed-aspect-16-9 wp-has-aspect-ratio\"><div class=\"wp-block-embed__wrapper\">\n<iframe loading=\"lazy\" title=\"farmers bank french sub titles aug 4 Original\" width=\"800\" height=\"450\" src=\"https:\/\/www.youtube.com\/embed\/58OIn3650YA?feature=oembed\" frameborder=\"0\" allow=\"accelerometer; autoplay; clipboard-write; encrypted-media; gyroscope; picture-in-picture; web-share\" allowfullscreen><\/iframe>\n<\/div><\/figure>\n<\/div>\n<\/div>\n\n\n<\/div><\/div>\n\n","protected":false},"excerpt":{"rendered":"<p>Ce lieu est situ\u00e9 sur le territoire traditionnel et non c\u00e9d\u00e9 du peuple mi\u2019kmaq de l\u2019\u00ce.-P.-\u00c9. qui y a v\u00e9cu pendant des milliers d\u2019ann\u00e9es. \u00abNos comprometemos a fomentar un entorno acogedor, inclusivo y diverso en el que todas las personas sean respetadas y valoradas\u00bb. Bienvenue Bienvenue au lieu historique national de la Banque des fermiers &hellip;<\/p>\n","protected":false},"author":1,"featured_media":2574,"parent":0,"menu_order":0,"comment_status":"closed","ping_status":"closed","template":"","meta":{"_acf_changed":false,"_genesis_hide_title":false,"_genesis_hide_breadcrumbs":false,"_genesis_hide_singular_image":false,"_genesis_hide_footer_widgets":false,"_genesis_custom_body_class":"","_genesis_custom_post_class":"","_genesis_layout":"wide-content","footnotes":""},"class_list":{"1":"page","2":"type-page","6":"entry"},"yoast_head":"<!-- This site is optimized with the Yoast SEO plugin v27.4 - https:\/\/yoast.com\/product\/yoast-seo-wordpress\/ -->\n<title>Home - Farmers&#039; Bank of Rustico &amp; Doucet House Museums<\/title>\n<meta name=\"robots\" content=\"index, follow, max-snippet:-1, max-image-preview:large, max-video-preview:-1\" \/>\n<link rel=\"canonical\" href=\"https:\/\/farmersbank.ca\/fr\/\" \/>\n<meta property=\"og:locale\" content=\"fr_FR\" \/>\n<meta property=\"og:type\" content=\"article\" \/>\n<meta property=\"og:title\" content=\"Home - Farmers&#039; Bank of Rustico &amp; Doucet House Museums\" \/>\n<meta property=\"og:description\" content=\"Ce lieu est situ\u00e9 sur le territoire traditionnel et non c\u00e9d\u00e9 du peuple mi\u2019kmaq de l\u2019\u00ce.-P.-\u00c9. qui y a v\u00e9cu pendant des milliers d\u2019ann\u00e9es. \u00abNos comprometemos a fomentar un entorno acogedor, inclusivo y diverso en el que todas las personas sean respetadas y valoradas\u00bb. Bienvenue Bienvenue au lieu historique national de la Banque des fermiers &hellip;\" \/>\n<meta property=\"og:url\" content=\"https:\/\/farmersbank.ca\/fr\/\" \/>\n<meta property=\"og:site_name\" content=\"Farmers&#039; Bank of Rustico &amp; Doucet House Museums\" \/>\n<meta property=\"article:publisher\" content=\"https:\/\/www.facebook.com\/farmers.rustico\" \/>\n<meta property=\"article:modified_time\" content=\"2025-11-28T18:55:46+00:00\" \/>\n<meta property=\"og:image\" content=\"https:\/\/farmersbank.ca\/wp-content\/uploads\/2022\/09\/Farmers-Bank-Doucet-House-aerial-1280.jpg\" \/>\n\t<meta property=\"og:image:width\" content=\"1920\" \/>\n\t<meta property=\"og:image:height\" content=\"1280\" \/>\n\t<meta property=\"og:image:type\" content=\"image\/jpeg\" \/>\n<meta name=\"twitter:card\" content=\"summary_large_image\" \/>\n<meta name=\"twitter:site\" content=\"@farmersbankpei\" \/>\n<meta name=\"twitter:label1\" content=\"Dur\u00e9e de lecture estim\u00e9e\" \/>\n\t<meta name=\"twitter:data1\" content=\"2 minutes\" \/>\n<script type=\"application\/ld+json\" class=\"yoast-schema-graph\">{\"@context\":\"https:\\\/\\\/schema.org\",\"@graph\":[{\"@type\":\"WebPage\",\"@id\":\"https:\\\/\\\/farmersbank.ca\\\/fr\\\/\",\"url\":\"https:\\\/\\\/farmersbank.ca\\\/fr\\\/\",\"name\":\"Home - Farmers&#039; Bank of Rustico &amp; Doucet House Museums\",\"isPartOf\":{\"@id\":\"https:\\\/\\\/farmersbank.ca\\\/#website\"},\"primaryImageOfPage\":{\"@id\":\"https:\\\/\\\/farmersbank.ca\\\/fr\\\/#primaryimage\"},\"image\":{\"@id\":\"https:\\\/\\\/farmersbank.ca\\\/fr\\\/#primaryimage\"},\"thumbnailUrl\":\"https:\\\/\\\/farmersbank.ca\\\/wp-content\\\/uploads\\\/2022\\\/09\\\/Farmers-Bank-Doucet-House-aerial-1280.jpg\",\"datePublished\":\"2020-06-15T05:37:15+00:00\",\"dateModified\":\"2025-11-28T18:55:46+00:00\",\"breadcrumb\":{\"@id\":\"https:\\\/\\\/farmersbank.ca\\\/fr\\\/#breadcrumb\"},\"inLanguage\":\"fr-FR\",\"potentialAction\":[{\"@type\":\"ReadAction\",\"target\":[\"https:\\\/\\\/farmersbank.ca\\\/fr\\\/\"]}]},{\"@type\":\"ImageObject\",\"inLanguage\":\"fr-FR\",\"@id\":\"https:\\\/\\\/farmersbank.ca\\\/fr\\\/#primaryimage\",\"url\":\"https:\\\/\\\/farmersbank.ca\\\/wp-content\\\/uploads\\\/2022\\\/09\\\/Farmers-Bank-Doucet-House-aerial-1280.jpg\",\"contentUrl\":\"https:\\\/\\\/farmersbank.ca\\\/wp-content\\\/uploads\\\/2022\\\/09\\\/Farmers-Bank-Doucet-House-aerial-1280.jpg\",\"width\":1920,\"height\":1280},{\"@type\":\"BreadcrumbList\",\"@id\":\"https:\\\/\\\/farmersbank.ca\\\/fr\\\/#breadcrumb\",\"itemListElement\":[{\"@type\":\"ListItem\",\"position\":1,\"name\":\"Home\",\"item\":\"https:\\\/\\\/farmersbank.ca\\\/fr\\\/\"},{\"@type\":\"ListItem\",\"position\":2,\"name\":\"Home\"}]},{\"@type\":\"WebSite\",\"@id\":\"https:\\\/\\\/farmersbank.ca\\\/#website\",\"url\":\"https:\\\/\\\/farmersbank.ca\\\/\",\"name\":\"Farmers Bank of Rustico & Doucet House Museums\",\"description\":\"North Rustico, Prince Edward Island\",\"publisher\":{\"@id\":\"https:\\\/\\\/farmersbank.ca\\\/#organization\"},\"potentialAction\":[{\"@type\":\"SearchAction\",\"target\":{\"@type\":\"EntryPoint\",\"urlTemplate\":\"https:\\\/\\\/farmersbank.ca\\\/?s={search_term_string}\"},\"query-input\":{\"@type\":\"PropertyValueSpecification\",\"valueRequired\":true,\"valueName\":\"search_term_string\"}}],\"inLanguage\":\"fr-FR\"},{\"@type\":\"Organization\",\"@id\":\"https:\\\/\\\/farmersbank.ca\\\/#organization\",\"name\":\"Farmers Bank of Rustico & Doucet House Museums\",\"url\":\"https:\\\/\\\/farmersbank.ca\\\/\",\"logo\":{\"@type\":\"ImageObject\",\"inLanguage\":\"fr-FR\",\"@id\":\"https:\\\/\\\/farmersbank.ca\\\/#\\\/schema\\\/logo\\\/image\\\/\",\"url\":\"https:\\\/\\\/farmersbank.ca\\\/wp-content\\\/uploads\\\/2023\\\/02\\\/SEO-Farmers-Bank-Doucet-House-logo-en.jpg\",\"contentUrl\":\"https:\\\/\\\/farmersbank.ca\\\/wp-content\\\/uploads\\\/2023\\\/02\\\/SEO-Farmers-Bank-Doucet-House-logo-en.jpg\",\"width\":690,\"height\":690,\"caption\":\"Farmers Bank of Rustico & Doucet House Museums\"},\"image\":{\"@id\":\"https:\\\/\\\/farmersbank.ca\\\/#\\\/schema\\\/logo\\\/image\\\/\"},\"sameAs\":[\"https:\\\/\\\/www.facebook.com\\\/farmers.rustico\",\"https:\\\/\\\/x.com\\\/farmersbankpei\",\"https:\\\/\\\/www.instagram.com\\\/farmersbankpei\\\/\"]}]}<\/script>\n<!-- \/ Yoast SEO plugin. -->","yoast_head_json":{"title":"Home - Farmers&#039; Bank of Rustico &amp; Doucet House Museums","robots":{"index":"index","follow":"follow","max-snippet":"max-snippet:-1","max-image-preview":"max-image-preview:large","max-video-preview":"max-video-preview:-1"},"canonical":"https:\/\/farmersbank.ca\/fr\/","og_locale":"fr_FR","og_type":"article","og_title":"Home - Farmers&#039; Bank of Rustico &amp; Doucet House Museums","og_description":"Ce lieu est situ\u00e9 sur le territoire traditionnel et non c\u00e9d\u00e9 du peuple mi\u2019kmaq de l\u2019\u00ce.-P.-\u00c9. qui y a v\u00e9cu pendant des milliers d\u2019ann\u00e9es. \u00abNos comprometemos a fomentar un entorno acogedor, inclusivo y diverso en el que todas las personas sean respetadas y valoradas\u00bb. Bienvenue Bienvenue au lieu historique national de la Banque des fermiers &hellip;","og_url":"https:\/\/farmersbank.ca\/fr\/","og_site_name":"Farmers&#039; Bank of Rustico &amp; Doucet House Museums","article_publisher":"https:\/\/www.facebook.com\/farmers.rustico","article_modified_time":"2025-11-28T18:55:46+00:00","og_image":[{"width":1920,"height":1280,"url":"https:\/\/farmersbank.ca\/wp-content\/uploads\/2022\/09\/Farmers-Bank-Doucet-House-aerial-1280.jpg","type":"image\/jpeg"}],"twitter_card":"summary_large_image","twitter_site":"@farmersbankpei","twitter_misc":{"Dur\u00e9e de lecture estim\u00e9e":"2 minutes"},"schema":{"@context":"https:\/\/schema.org","@graph":[{"@type":"WebPage","@id":"https:\/\/farmersbank.ca\/fr\/","url":"https:\/\/farmersbank.ca\/fr\/","name":"Home - Farmers&#039; Bank of Rustico &amp; Doucet House Museums","isPartOf":{"@id":"https:\/\/farmersbank.ca\/#website"},"primaryImageOfPage":{"@id":"https:\/\/farmersbank.ca\/fr\/#primaryimage"},"image":{"@id":"https:\/\/farmersbank.ca\/fr\/#primaryimage"},"thumbnailUrl":"https:\/\/farmersbank.ca\/wp-content\/uploads\/2022\/09\/Farmers-Bank-Doucet-House-aerial-1280.jpg","datePublished":"2020-06-15T05:37:15+00:00","dateModified":"2025-11-28T18:55:46+00:00","breadcrumb":{"@id":"https:\/\/farmersbank.ca\/fr\/#breadcrumb"},"inLanguage":"fr-FR","potentialAction":[{"@type":"ReadAction","target":["https:\/\/farmersbank.ca\/fr\/"]}]},{"@type":"ImageObject","inLanguage":"fr-FR","@id":"https:\/\/farmersbank.ca\/fr\/#primaryimage","url":"https:\/\/farmersbank.ca\/wp-content\/uploads\/2022\/09\/Farmers-Bank-Doucet-House-aerial-1280.jpg","contentUrl":"https:\/\/farmersbank.ca\/wp-content\/uploads\/2022\/09\/Farmers-Bank-Doucet-House-aerial-1280.jpg","width":1920,"height":1280},{"@type":"BreadcrumbList","@id":"https:\/\/farmersbank.ca\/fr\/#breadcrumb","itemListElement":[{"@type":"ListItem","position":1,"name":"Home","item":"https:\/\/farmersbank.ca\/fr\/"},{"@type":"ListItem","position":2,"name":"Home"}]},{"@type":"WebSite","@id":"https:\/\/farmersbank.ca\/#website","url":"https:\/\/farmersbank.ca\/","name":"Farmers Bank of Rustico & Doucet House Museums","description":"North Rustico, Prince Edward Island","publisher":{"@id":"https:\/\/farmersbank.ca\/#organization"},"potentialAction":[{"@type":"SearchAction","target":{"@type":"EntryPoint","urlTemplate":"https:\/\/farmersbank.ca\/?s={search_term_string}"},"query-input":{"@type":"PropertyValueSpecification","valueRequired":true,"valueName":"search_term_string"}}],"inLanguage":"fr-FR"},{"@type":"Organization","@id":"https:\/\/farmersbank.ca\/#organization","name":"Farmers Bank of Rustico & Doucet House Museums","url":"https:\/\/farmersbank.ca\/","logo":{"@type":"ImageObject","inLanguage":"fr-FR","@id":"https:\/\/farmersbank.ca\/#\/schema\/logo\/image\/","url":"https:\/\/farmersbank.ca\/wp-content\/uploads\/2023\/02\/SEO-Farmers-Bank-Doucet-House-logo-en.jpg","contentUrl":"https:\/\/farmersbank.ca\/wp-content\/uploads\/2023\/02\/SEO-Farmers-Bank-Doucet-House-logo-en.jpg","width":690,"height":690,"caption":"Farmers Bank of Rustico & Doucet House Museums"},"image":{"@id":"https:\/\/farmersbank.ca\/#\/schema\/logo\/image\/"},"sameAs":["https:\/\/www.facebook.com\/farmers.rustico","https:\/\/x.com\/farmersbankpei","https:\/\/www.instagram.com\/farmersbankpei\/"]}]}},"acf":[],"jetpack_sharing_enabled":true,"_links":{"self":[{"href":"https:\/\/farmersbank.ca\/fr\/wp-json\/wp\/v2\/pages\/2657","targetHints":{"allow":["GET"]}}],"collection":[{"href":"https:\/\/farmersbank.ca\/fr\/wp-json\/wp\/v2\/pages"}],"about":[{"href":"https:\/\/farmersbank.ca\/fr\/wp-json\/wp\/v2\/types\/page"}],"author":[{"embeddable":true,"href":"https:\/\/farmersbank.ca\/fr\/wp-json\/wp\/v2\/users\/1"}],"replies":[{"embeddable":true,"href":"https:\/\/farmersbank.ca\/fr\/wp-json\/wp\/v2\/comments?post=2657"}],"version-history":[{"count":5,"href":"https:\/\/farmersbank.ca\/fr\/wp-json\/wp\/v2\/pages\/2657\/revisions"}],"predecessor-version":[{"id":3710,"href":"https:\/\/farmersbank.ca\/fr\/wp-json\/wp\/v2\/pages\/2657\/revisions\/3710"}],"wp:featuredmedia":[{"embeddable":true,"href":"https:\/\/farmersbank.ca\/fr\/wp-json\/wp\/v2\/media\/2574"}],"wp:attachment":[{"href":"https:\/\/farmersbank.ca\/fr\/wp-json\/wp\/v2\/media?parent=2657"}],"curies":[{"name":"wp","href":"https:\/\/api.w.org\/{rel}","templated":true}]}}