{"id":2694,"date":"2023-01-10T17:31:22","date_gmt":"2023-01-10T21:31:22","guid":{"rendered":"https:\/\/farmersbank.ca\/discover-rustico\/father-belcourt\/"},"modified":"2023-12-05T11:51:18","modified_gmt":"2023-12-05T15:51:18","slug":"father-belcourt","status":"publish","type":"page","link":"https:\/\/farmersbank.ca\/fr\/discover-rustico\/father-belcourt\/","title":{"rendered":"Cur\u00e9 Belcourt"},"content":{"rendered":"\n<h1 class=\"wp-block-heading\">Cur\u00e9 Belcourt<\/h1>\n\n\n\n<div class=\"wp-block-columns is-layout-flex wp-container-core-columns-is-layout-9d6595d7 wp-block-columns-is-layout-flex\">\n<div class=\"wp-block-column is-layout-flow wp-block-column-is-layout-flow\" style=\"flex-basis:50%\">\n<h2 class=\"wp-block-heading\">Missionaire, \u00e9ducateur, visionnaire, militant des droits de la personne.<\/h2>\n\n\n\n<p>En 1859, la paroisse St. Augustine de Rustico accueille un nouveau pr\u00eatre francophone, le cur\u00e9 Georges-Antoine Belcourt. Belcourt est n\u00e9 \u00e0 Qu\u00e9bec en 1803, et fut ordonn\u00e9 pr\u00eatre en 1827. En tant que missionnaire j\u00e9suite, il a travaill\u00e9 sans rel\u00e2che dans la vall\u00e9e de la rivi\u00e8re Rouge pour faire valoir les droits des peuples autochtones et des M\u00e9tis. Ami du p\u00e8re de Louis Riel, il a r\u00e9dig\u00e9 un dictionnaire Chippewa, et il a \u00e9t\u00e9 le premier homme blanc \u00e0 \u00e9crire abondamment au sujet la chasse au bison, etc. \u00c0 Rustico, le p\u00e8re Belcourt vient en aide aux Acadiens et Acadiennes, un groupe principalement compos\u00e9 d\u2019agriculteurs et de p\u00eacheurs francophones pauvres. Il a cr\u00e9\u00e9 l\u2019Institut catholique, promouvant des id\u00e9es qui encourageaient l\u2019autonomie des paroissiens. Il a cr\u00e9\u00e9 la Banque des fermiers de Rustico, le pr\u00e9curseur du mouvement des caisses populaires en Am\u00e9rique du Nord; il a aussi cr\u00e9\u00e9 une \u00ab&nbsp;\u00e9cole mod\u00e8le&nbsp;\u00bb pour \u00e9duquer les jeunes gens qui devinrent enseignants, avocats et m\u00e9decins. Il a \u00e9tabli la premi\u00e8re biblioth\u00e8que publique gratuite sur l\u2019\u00cele, et il a form\u00e9 une fanfare qui rivalisait avec les meilleures fanfares de Charlottetown. Son travail acharn\u00e9 et son d\u00e9vouement ont permis aux Acadiens et Acadiennes de se sortir de la pauvret\u00e9. En 1866, le p\u00e8re Belcourt importa la premi\u00e8re automobile du Canada, construite par Elijah Ware du New Jersey. Le <em>Ware Steam Wagon<\/em> a \u00e9t\u00e9 promu non seulement comme un v\u00e9hicule qui pouvait voyager sur les routes et la glace, mais aussi comme un engin mobile qui pouvait faire fonctionner une batteuse ou une scierie et pomper l\u2019eau. La voiture arriva \u00e0 Charlottetown en d\u00e9cembre 1866. Sa premi\u00e8re d\u00e9monstration publique a eu lieu le 24&nbsp;juin 1867 au pique-nique paroissial \u00e0 Rustico. Le v\u00e9hicule a fait sensation! Le p\u00e8re Belcourt a fait la d\u00e9monstration de cette nouvelle technologie et de ses caract\u00e9ristiques qui permettraient de faire des \u00e9conomies de main-d\u2019\u0153uvre \u00e0 l\u2019avenir.<\/p>\n\n\n\n<p>Tir\u00e9 de l\u2019article intitul\u00e9 \u00ab&nbsp;From Red River to Rustico&nbsp;\u00bb de George F. G. Stanley, 1983.<\/p>\n\n\n\n<p>\u00ab&nbsp;\u2026 Les efforts du p\u00e8re Belcourt pour transformer les nouveaux r\u00e8glements [du minist\u00e8re de l\u2019\u00c9ducation de l\u2019\u00cele-du-Prince-\u00c9douard] \u00e0 son propre avantage. Se questionnant pourquoi ne pas encourager les jeunes bilingues \u00e0 entrer dans la profession d\u2019enseignant, il a lanc\u00e9 une \u00e9cole \u00ab mod\u00e8le \u00bb \u00e0 Rustico. L\u2019\u00e9cole fonctionnait au niveau secondaire et formait de jeunes hommes \u00e0 \u00eatre des \u00e9ducateurs bilingues. Il a engag\u00e9 un jeune Montr\u00e9alais, Isr\u00e9al Landry, \u00e9rudit et musicien. Les mati\u00e8res enseign\u00e9es \u00e0 l\u2019\u00e9cole \u00ab&nbsp;mod\u00e8le&nbsp;\u00bb \u00e9taient le fran\u00e7ais, le latin, le grec, les math\u00e9matiques, le plain-chant et la musique. L\u2019\u00e9cole de Belcourt a attir\u00e9 un groupe remarquable d\u2019\u00e9tudiants; et en moins d\u2019un an, elle produisait des enseignants qualifi\u00e9s pour les \u00e9coles de langue fran\u00e7aise de Miscouche, Egmont Bay et Rustico. D\u00e9crivant l\u2019\u00e9cole de Belcourt, l\u2019historien acadien J. H. Blanchard a \u00e9crit :<\/p>\n\n\n\n<blockquote class=\"wp-block-quote is-layout-flow wp-block-quote-is-layout-flow\">\n<p><em><em>\u00ab Dix de ces \u00e9l\u00e8ves ont obtenu leur permis d\u2019enseignement provincial. L\u2019un des \u00e9l\u00e8ves, Stanislas Blanchard est devenu avocat et juge, le premier Acadien de l\u2019\u00cele-du-Prince-\u00c9douard \u00e0 obtenir cette distinction. Un autre, Isidore Gallant, a \u00e9t\u00e9 le premier Acadien de la province \u00e0 devenir m\u00e9decin.&nbsp;\u00bb<\/em><\/em><\/p>\n<cite>J.H. Blanchard<\/cite><\/blockquote>\n\n\n\n<p>L\u2019\u00e9cole secondaire n\u2019\u00e9tait cependant qu\u2019une seule des \u00e9tapes pour \u00e9duquer le peuple. Belcourt fonde l\u2019Institut Catholique de Rustico, un groupe d\u2019\u00e9tudes pour les adultes. L\u2019\u00e9tablissement \u00e9tait bien populaire. On y tenait des r\u00e9unions tous les quinze jours, et celles-ci \u00e9taient suivies de questions et de discussions. Pour poursuivre ses objectifs d\u2019\u00e9ducation des adultes, Belcourt a entrepris d\u2019assembler une biblioth\u00e8que de livres en fran\u00e7ais. Ces ouvrages comprenaient des volumes sur l\u2019agriculture, la cuisine, la couture, la musique, l\u2019histoire, l\u2019art, la religion, la science et la m\u00e9canique; certains \u00e9taient des dictionnaires, des encyclop\u00e9dies et d\u2019autres ouvrages de r\u00e9f\u00e9rence.<\/p>\n\n\n\n<p>\u00ab Malgr\u00e9 le renouvellement de la charte de la Banque des fermiers, les jours de la banque \u00e9taient compt\u00e9s. La population de la province pouvait bien appuyer la banque et l\u2019\u00e9v\u00eaque de Charlottetown, Mgr Peter McIntyre, pouvait faire des pri\u00e8res sinc\u00e8res pour son succ\u00e8s continu, mais le 1<sup>er&nbsp;<\/sup>juillet 1894, la banque fut oblig\u00e9e de fermer ses portes. Elle n\u2019a pas \u00e9chou\u00e9 et elle n\u2019a pas fait faillite; elle a tout simplement cess\u00e9 d\u2019exister. Elle avait \u00e9t\u00e9 fond\u00e9e sans r\u00e9serve financi\u00e8re, mais a r\u00e9ussi \u00e0 r\u00e9pondre aux besoins d\u2019une petite population rurale pendant une p\u00e9riode de trente ans. Elle a laiss\u00e9 derri\u00e8re elle un monument physique \u00e0 son existence, et une id\u00e9e qui a \u00e9t\u00e9 reprise par le Dr Moses Coady, John Croteau et Alphonse Desjardins du Qu\u00e9bec et qui se poursuit jusqu\u2019\u00e0 nos jours, soit le mouvement des caisses populaires. La Banque des fermiers de Rustico \u00e9tait peut-\u00eatre la contribution la plus exceptionnelle du p\u00e8re Belcourt au Canada.&nbsp;\u00bb<\/p>\n<\/div>\n\n\n\n<div class=\"wp-block-column is-layout-flow wp-block-column-is-layout-flow\" style=\"flex-basis:50%\">\n<figure class=\"wp-block-image size-large\"><img loading=\"lazy\" decoding=\"async\" width=\"754\" height=\"1024\" src=\"https:\/\/farmersbank.ca\/wp-content\/uploads\/2023\/08\/Father-Belcourt-1-754x1024.jpg\" alt=\"\" class=\"wp-image-2990\" srcset=\"https:\/\/farmersbank.ca\/wp-content\/uploads\/2023\/08\/Father-Belcourt-1-221x300.jpg 221w, https:\/\/farmersbank.ca\/wp-content\/uploads\/2023\/08\/Father-Belcourt-1-600x815.jpg 600w, https:\/\/farmersbank.ca\/wp-content\/uploads\/2023\/08\/Father-Belcourt-1-754x1024.jpg 754w, https:\/\/farmersbank.ca\/wp-content\/uploads\/2023\/08\/Father-Belcourt-1-768x1043.jpg 768w, https:\/\/farmersbank.ca\/wp-content\/uploads\/2023\/08\/Father-Belcourt-1-1131x1536.jpg 1131w, https:\/\/farmersbank.ca\/wp-content\/uploads\/2023\/08\/Father-Belcourt-1-1509x2048.jpg 1509w, https:\/\/farmersbank.ca\/wp-content\/uploads\/2023\/08\/Father-Belcourt-1-scaled.jpg 1886w\" sizes=\"auto, (max-width: 754px) 100vw, 754px\" \/><\/figure>\n\n\n\n<h3 class=\"wp-block-heading has-primary-color has-text-color has-link-color has-lg-font-size wp-elements-9d582a3ab43501f6b679fa63739d3ed3\">La Banque des fermiers de Rustico est fi\u00e8re de vous fournir une copie PDF de notre trousse \u00e9ducative r\u00e9cemment d\u00e9velopp\u00e9e sur le P\u00e8re Belcourt. Treize th\u00e8mes color\u00e9s vous permettront de mieux comprendre son impact. T\u00e9l\u00e9chargez les cartes ici :<\/h3>\n\n\n\n<ul class=\"wp-block-list\">\n<li><a href=\"https:\/\/farmersbank.ca\/wp-content\/uploads\/2023\/12\/0-Pere-Georges-Antoine-Belcourt-Intro.pdf\">Pere Georges-Antoine Belcourt Introductio<\/a><a href=\"https:\/\/farmersbank.ca\/wp-content\/uploads\/2023\/12\/0-Pere-Georges-Antoine-Belcourt-Intro.pdf\" target=\"_blank\" rel=\"noreferrer noopener\">n<\/a><\/li>\n\n\n\n<li><a href=\"https:\/\/farmersbank.ca\/wp-content\/uploads\/2023\/11\/1-Qui-est-le-pere-Georges-Antoine-Belcourt-.pdf\" target=\"_blank\" rel=\"noreferrer noopener\">1-Qui est le pe\u0300re Georges-Antoine Belcourt ?<\/a><\/li>\n\n\n\n<li><a href=\"https:\/\/farmersbank.ca\/wp-content\/uploads\/2023\/11\/2-Un-missionnaire-chez-les-Premieres-Nations-et-les-Metis.pdf\" target=\"_blank\" rel=\"noreferrer noopener\">2-Un missionnaire chez les Premie\u0300res Nations et les Me\u0301tis<\/a><\/li>\n\n\n\n<li><a href=\"https:\/\/farmersbank.ca\/wp-content\/uploads\/2023\/11\/3-Un-homme-aux-talents-multiples.pdf\" target=\"_blank\" rel=\"noreferrer noopener\">3-Un homme aux talents multiples<\/a><\/li>\n\n\n\n<li><a href=\"https:\/\/farmersbank.ca\/wp-content\/uploads\/2023\/11\/4-Le-pere-Belcourt-a-destination-de-Rustico.pdf\" target=\"_blank\" rel=\"noreferrer noopener\">4-Le pe\u0300re Belcourt a\u0300 destination de Rustico<\/a><\/li>\n\n\n\n<li><a href=\"https:\/\/farmersbank.ca\/wp-content\/uploads\/2023\/11\/5-LInstitut-catholique-de-Rustico.pdf\" target=\"_blank\" rel=\"noreferrer noopener\">5-L\u2019Institut catholique de Rustico<\/a><\/li>\n\n\n\n<li><a href=\"https:\/\/farmersbank.ca\/wp-content\/uploads\/2023\/11\/6-La-Banque-des-fermiers-de-Rustico.pdf\" target=\"_blank\" rel=\"noreferrer noopener\">6-La Banque des fermiers de Rustico<\/a><\/li>\n\n\n\n<li><a href=\"https:\/\/farmersbank.ca\/wp-content\/uploads\/2023\/11\/7-Le-pere-Belcourt-et-son-projet-demigration.pdf\" target=\"_blank\" rel=\"noreferrer noopener\">7-Le pe\u0300re Belcourt et son projet d\u2019e\u0301migration<\/a><\/li>\n\n\n\n<li><a href=\"https:\/\/farmersbank.ca\/wp-content\/uploads\/2023\/11\/8-Une-ecole-modele.pdf\" target=\"_blank\" rel=\"noreferrer noopener\">8-Une e\u0301cole mode\u0300le<\/a><\/li>\n\n\n\n<li><a href=\"https:\/\/farmersbank.ca\/wp-content\/uploads\/2023\/11\/9-Les-pique-niques.pdf\" target=\"_blank\" rel=\"noreferrer noopener\">9-Les pique-niques<\/a><\/li>\n\n\n\n<li><a href=\"https:\/\/farmersbank.ca\/wp-content\/uploads\/2023\/11\/10-La-salle-paroissiale.pdf\" target=\"_blank\" rel=\"noreferrer noopener\">10-La salle paroissiale<\/a><\/li>\n\n\n\n<li><a href=\"https:\/\/farmersbank.ca\/wp-content\/uploads\/2023\/11\/11-Edme-Rameau-de-Saint-Pere-1.pdf\" target=\"_blank\" rel=\"noreferrer noopener\">11-Edme Rameau de Saint-Pe\u0300re<\/a><\/li>\n\n\n\n<li><a href=\"https:\/\/farmersbank.ca\/wp-content\/uploads\/2023\/11\/12-Edme-Rameau-de-Saint-Pere.pdf\" target=\"_blank\" rel=\"noreferrer noopener\">12-Le pe\u0300re Belcourt apre\u0300s Rustico<\/a><\/li>\n\n\n\n<li><a href=\"https:\/\/farmersbank.ca\/wp-content\/uploads\/2023\/11\/13-Lheritage-du-pere-Belcourt-a-lIle-du-Prince-Edouard.pdf\" target=\"_blank\" rel=\"noreferrer noopener\">13-L\u2019he\u0301ritage du pe\u0300re Belcourt a\u0300 l\u2019I\u0302le-du-Prince-E\u0301douard<\/a><\/li>\n\n\n\n<li><a href=\"https:\/\/farmersbank.ca\/wp-content\/uploads\/2023\/11\/14-Father-Belcourt-Bibliography-1.pdf\" target=\"_blank\" rel=\"noreferrer noopener\">Father Belcourt Bibliographie<\/a><\/li>\n<\/ul>\n<\/div>\n<\/div>\n","protected":false},"excerpt":{"rendered":"<p>Cur\u00e9 Belcourt Missionaire, \u00e9ducateur, visionnaire, militant des droits de la personne. En 1859, la paroisse St. Augustine de Rustico accueille un nouveau pr\u00eatre francophone, le cur\u00e9 Georges-Antoine Belcourt. Belcourt est n\u00e9 \u00e0 Qu\u00e9bec en 1803, et fut ordonn\u00e9 pr\u00eatre en 1827. En tant que missionnaire j\u00e9suite, il a travaill\u00e9 sans rel\u00e2che dans la vall\u00e9e de &hellip;<\/p>\n","protected":false},"author":1,"featured_media":0,"parent":2660,"menu_order":0,"comment_status":"closed","ping_status":"closed","template":"","meta":{"_acf_changed":false,"_genesis_hide_title":false,"_genesis_hide_breadcrumbs":false,"_genesis_hide_singular_image":false,"_genesis_hide_footer_widgets":false,"_genesis_custom_body_class":"","_genesis_custom_post_class":"","_genesis_layout":"","footnotes":""},"class_list":{"1":"page","2":"type-page","5":"entry"},"yoast_head":"<!-- This site is optimized with the Yoast SEO plugin v27.3 - https:\/\/yoast.com\/product\/yoast-seo-wordpress\/ -->\n<title>Cur\u00e9 Belcourt - Farmers&#039; Bank of Rustico &amp; Doucet House Museums<\/title>\n<meta name=\"robots\" content=\"index, follow, max-snippet:-1, max-image-preview:large, max-video-preview:-1\" \/>\n<link rel=\"canonical\" href=\"https:\/\/farmersbank.ca\/fr\/discover-rustico\/father-belcourt\/\" \/>\n<meta property=\"og:locale\" content=\"fr_FR\" \/>\n<meta property=\"og:type\" content=\"article\" \/>\n<meta property=\"og:title\" content=\"Cur\u00e9 Belcourt - Farmers&#039; Bank of Rustico &amp; Doucet House Museums\" \/>\n<meta property=\"og:description\" content=\"Cur\u00e9 Belcourt Missionaire, \u00e9ducateur, visionnaire, militant des droits de la personne. En 1859, la paroisse St. Augustine de Rustico accueille un nouveau pr\u00eatre francophone, le cur\u00e9 Georges-Antoine Belcourt. Belcourt est n\u00e9 \u00e0 Qu\u00e9bec en 1803, et fut ordonn\u00e9 pr\u00eatre en 1827. En tant que missionnaire j\u00e9suite, il a travaill\u00e9 sans rel\u00e2che dans la vall\u00e9e de &hellip;\" \/>\n<meta property=\"og:url\" content=\"https:\/\/farmersbank.ca\/fr\/discover-rustico\/father-belcourt\/\" \/>\n<meta property=\"og:site_name\" content=\"Farmers&#039; Bank of Rustico &amp; Doucet House Museums\" \/>\n<meta property=\"article:publisher\" content=\"https:\/\/www.facebook.com\/farmers.rustico\" \/>\n<meta property=\"article:modified_time\" content=\"2023-12-05T15:51:18+00:00\" \/>\n<meta property=\"og:image\" content=\"https:\/\/farmersbank.ca\/wp-content\/uploads\/2023\/08\/Father-Belcourt-1-754x1024.jpg\" \/>\n<meta name=\"twitter:card\" content=\"summary_large_image\" \/>\n<meta name=\"twitter:site\" content=\"@farmersbankpei\" \/>\n<meta name=\"twitter:label1\" content=\"Dur\u00e9e de lecture estim\u00e9e\" \/>\n\t<meta name=\"twitter:data1\" content=\"4 minutes\" \/>\n<script type=\"application\/ld+json\" class=\"yoast-schema-graph\">{\"@context\":\"https:\\\/\\\/schema.org\",\"@graph\":[{\"@type\":\"WebPage\",\"@id\":\"https:\\\/\\\/farmersbank.ca\\\/fr\\\/discover-rustico\\\/father-belcourt\\\/\",\"url\":\"https:\\\/\\\/farmersbank.ca\\\/fr\\\/discover-rustico\\\/father-belcourt\\\/\",\"name\":\"Cur\u00e9 Belcourt - Farmers&#039; Bank of Rustico &amp; Doucet House Museums\",\"isPartOf\":{\"@id\":\"https:\\\/\\\/farmersbank.ca\\\/#website\"},\"primaryImageOfPage\":{\"@id\":\"https:\\\/\\\/farmersbank.ca\\\/fr\\\/discover-rustico\\\/father-belcourt\\\/#primaryimage\"},\"image\":{\"@id\":\"https:\\\/\\\/farmersbank.ca\\\/fr\\\/discover-rustico\\\/father-belcourt\\\/#primaryimage\"},\"thumbnailUrl\":\"https:\\\/\\\/farmersbank.ca\\\/wp-content\\\/uploads\\\/2023\\\/08\\\/Father-Belcourt-1-754x1024.jpg\",\"datePublished\":\"2023-01-10T21:31:22+00:00\",\"dateModified\":\"2023-12-05T15:51:18+00:00\",\"breadcrumb\":{\"@id\":\"https:\\\/\\\/farmersbank.ca\\\/fr\\\/discover-rustico\\\/father-belcourt\\\/#breadcrumb\"},\"inLanguage\":\"fr-FR\",\"potentialAction\":[{\"@type\":\"ReadAction\",\"target\":[\"https:\\\/\\\/farmersbank.ca\\\/fr\\\/discover-rustico\\\/father-belcourt\\\/\"]}]},{\"@type\":\"ImageObject\",\"inLanguage\":\"fr-FR\",\"@id\":\"https:\\\/\\\/farmersbank.ca\\\/fr\\\/discover-rustico\\\/father-belcourt\\\/#primaryimage\",\"url\":\"https:\\\/\\\/farmersbank.ca\\\/wp-content\\\/uploads\\\/2023\\\/08\\\/Father-Belcourt-1-754x1024.jpg\",\"contentUrl\":\"https:\\\/\\\/farmersbank.ca\\\/wp-content\\\/uploads\\\/2023\\\/08\\\/Father-Belcourt-1-754x1024.jpg\"},{\"@type\":\"BreadcrumbList\",\"@id\":\"https:\\\/\\\/farmersbank.ca\\\/fr\\\/discover-rustico\\\/father-belcourt\\\/#breadcrumb\",\"itemListElement\":[{\"@type\":\"ListItem\",\"position\":1,\"name\":\"Home\",\"item\":\"https:\\\/\\\/farmersbank.ca\\\/fr\\\/\"},{\"@type\":\"ListItem\",\"position\":2,\"name\":\"D\u00e9couvrir Rustico\",\"item\":\"https:\\\/\\\/farmersbank.ca\\\/fr\\\/discover-rustico\\\/\"},{\"@type\":\"ListItem\",\"position\":3,\"name\":\"Cur\u00e9 Belcourt\"}]},{\"@type\":\"WebSite\",\"@id\":\"https:\\\/\\\/farmersbank.ca\\\/#website\",\"url\":\"https:\\\/\\\/farmersbank.ca\\\/\",\"name\":\"Farmers Bank of Rustico & Doucet House Museums\",\"description\":\"North Rustico, Prince Edward Island\",\"publisher\":{\"@id\":\"https:\\\/\\\/farmersbank.ca\\\/#organization\"},\"potentialAction\":[{\"@type\":\"SearchAction\",\"target\":{\"@type\":\"EntryPoint\",\"urlTemplate\":\"https:\\\/\\\/farmersbank.ca\\\/?s={search_term_string}\"},\"query-input\":{\"@type\":\"PropertyValueSpecification\",\"valueRequired\":true,\"valueName\":\"search_term_string\"}}],\"inLanguage\":\"fr-FR\"},{\"@type\":\"Organization\",\"@id\":\"https:\\\/\\\/farmersbank.ca\\\/#organization\",\"name\":\"Farmers Bank of Rustico & Doucet House Museums\",\"url\":\"https:\\\/\\\/farmersbank.ca\\\/\",\"logo\":{\"@type\":\"ImageObject\",\"inLanguage\":\"fr-FR\",\"@id\":\"https:\\\/\\\/farmersbank.ca\\\/#\\\/schema\\\/logo\\\/image\\\/\",\"url\":\"https:\\\/\\\/farmersbank.ca\\\/wp-content\\\/uploads\\\/2023\\\/02\\\/SEO-Farmers-Bank-Doucet-House-logo-en.jpg\",\"contentUrl\":\"https:\\\/\\\/farmersbank.ca\\\/wp-content\\\/uploads\\\/2023\\\/02\\\/SEO-Farmers-Bank-Doucet-House-logo-en.jpg\",\"width\":690,\"height\":690,\"caption\":\"Farmers Bank of Rustico & Doucet House Museums\"},\"image\":{\"@id\":\"https:\\\/\\\/farmersbank.ca\\\/#\\\/schema\\\/logo\\\/image\\\/\"},\"sameAs\":[\"https:\\\/\\\/www.facebook.com\\\/farmers.rustico\",\"https:\\\/\\\/x.com\\\/farmersbankpei\",\"https:\\\/\\\/www.instagram.com\\\/farmersbankpei\\\/\"]}]}<\/script>\n<!-- \/ Yoast SEO plugin. -->","yoast_head_json":{"title":"Cur\u00e9 Belcourt - Farmers&#039; Bank of Rustico &amp; Doucet House Museums","robots":{"index":"index","follow":"follow","max-snippet":"max-snippet:-1","max-image-preview":"max-image-preview:large","max-video-preview":"max-video-preview:-1"},"canonical":"https:\/\/farmersbank.ca\/fr\/discover-rustico\/father-belcourt\/","og_locale":"fr_FR","og_type":"article","og_title":"Cur\u00e9 Belcourt - Farmers&#039; Bank of Rustico &amp; Doucet House Museums","og_description":"Cur\u00e9 Belcourt Missionaire, \u00e9ducateur, visionnaire, militant des droits de la personne. En 1859, la paroisse St. Augustine de Rustico accueille un nouveau pr\u00eatre francophone, le cur\u00e9 Georges-Antoine Belcourt. Belcourt est n\u00e9 \u00e0 Qu\u00e9bec en 1803, et fut ordonn\u00e9 pr\u00eatre en 1827. En tant que missionnaire j\u00e9suite, il a travaill\u00e9 sans rel\u00e2che dans la vall\u00e9e de &hellip;","og_url":"https:\/\/farmersbank.ca\/fr\/discover-rustico\/father-belcourt\/","og_site_name":"Farmers&#039; Bank of Rustico &amp; Doucet House Museums","article_publisher":"https:\/\/www.facebook.com\/farmers.rustico","article_modified_time":"2023-12-05T15:51:18+00:00","og_image":[{"url":"https:\/\/farmersbank.ca\/wp-content\/uploads\/2023\/08\/Father-Belcourt-1-754x1024.jpg","type":"","width":"","height":""}],"twitter_card":"summary_large_image","twitter_site":"@farmersbankpei","twitter_misc":{"Dur\u00e9e de lecture estim\u00e9e":"4 minutes"},"schema":{"@context":"https:\/\/schema.org","@graph":[{"@type":"WebPage","@id":"https:\/\/farmersbank.ca\/fr\/discover-rustico\/father-belcourt\/","url":"https:\/\/farmersbank.ca\/fr\/discover-rustico\/father-belcourt\/","name":"Cur\u00e9 Belcourt - Farmers&#039; Bank of Rustico &amp; Doucet House Museums","isPartOf":{"@id":"https:\/\/farmersbank.ca\/#website"},"primaryImageOfPage":{"@id":"https:\/\/farmersbank.ca\/fr\/discover-rustico\/father-belcourt\/#primaryimage"},"image":{"@id":"https:\/\/farmersbank.ca\/fr\/discover-rustico\/father-belcourt\/#primaryimage"},"thumbnailUrl":"https:\/\/farmersbank.ca\/wp-content\/uploads\/2023\/08\/Father-Belcourt-1-754x1024.jpg","datePublished":"2023-01-10T21:31:22+00:00","dateModified":"2023-12-05T15:51:18+00:00","breadcrumb":{"@id":"https:\/\/farmersbank.ca\/fr\/discover-rustico\/father-belcourt\/#breadcrumb"},"inLanguage":"fr-FR","potentialAction":[{"@type":"ReadAction","target":["https:\/\/farmersbank.ca\/fr\/discover-rustico\/father-belcourt\/"]}]},{"@type":"ImageObject","inLanguage":"fr-FR","@id":"https:\/\/farmersbank.ca\/fr\/discover-rustico\/father-belcourt\/#primaryimage","url":"https:\/\/farmersbank.ca\/wp-content\/uploads\/2023\/08\/Father-Belcourt-1-754x1024.jpg","contentUrl":"https:\/\/farmersbank.ca\/wp-content\/uploads\/2023\/08\/Father-Belcourt-1-754x1024.jpg"},{"@type":"BreadcrumbList","@id":"https:\/\/farmersbank.ca\/fr\/discover-rustico\/father-belcourt\/#breadcrumb","itemListElement":[{"@type":"ListItem","position":1,"name":"Home","item":"https:\/\/farmersbank.ca\/fr\/"},{"@type":"ListItem","position":2,"name":"D\u00e9couvrir Rustico","item":"https:\/\/farmersbank.ca\/fr\/discover-rustico\/"},{"@type":"ListItem","position":3,"name":"Cur\u00e9 Belcourt"}]},{"@type":"WebSite","@id":"https:\/\/farmersbank.ca\/#website","url":"https:\/\/farmersbank.ca\/","name":"Farmers Bank of Rustico & Doucet House Museums","description":"North Rustico, Prince Edward Island","publisher":{"@id":"https:\/\/farmersbank.ca\/#organization"},"potentialAction":[{"@type":"SearchAction","target":{"@type":"EntryPoint","urlTemplate":"https:\/\/farmersbank.ca\/?s={search_term_string}"},"query-input":{"@type":"PropertyValueSpecification","valueRequired":true,"valueName":"search_term_string"}}],"inLanguage":"fr-FR"},{"@type":"Organization","@id":"https:\/\/farmersbank.ca\/#organization","name":"Farmers Bank of Rustico & Doucet House Museums","url":"https:\/\/farmersbank.ca\/","logo":{"@type":"ImageObject","inLanguage":"fr-FR","@id":"https:\/\/farmersbank.ca\/#\/schema\/logo\/image\/","url":"https:\/\/farmersbank.ca\/wp-content\/uploads\/2023\/02\/SEO-Farmers-Bank-Doucet-House-logo-en.jpg","contentUrl":"https:\/\/farmersbank.ca\/wp-content\/uploads\/2023\/02\/SEO-Farmers-Bank-Doucet-House-logo-en.jpg","width":690,"height":690,"caption":"Farmers Bank of Rustico & Doucet House Museums"},"image":{"@id":"https:\/\/farmersbank.ca\/#\/schema\/logo\/image\/"},"sameAs":["https:\/\/www.facebook.com\/farmers.rustico","https:\/\/x.com\/farmersbankpei","https:\/\/www.instagram.com\/farmersbankpei\/"]}]}},"acf":[],"jetpack_sharing_enabled":true,"_links":{"self":[{"href":"https:\/\/farmersbank.ca\/fr\/wp-json\/wp\/v2\/pages\/2694","targetHints":{"allow":["GET"]}}],"collection":[{"href":"https:\/\/farmersbank.ca\/fr\/wp-json\/wp\/v2\/pages"}],"about":[{"href":"https:\/\/farmersbank.ca\/fr\/wp-json\/wp\/v2\/types\/page"}],"author":[{"embeddable":true,"href":"https:\/\/farmersbank.ca\/fr\/wp-json\/wp\/v2\/users\/1"}],"replies":[{"embeddable":true,"href":"https:\/\/farmersbank.ca\/fr\/wp-json\/wp\/v2\/comments?post=2694"}],"version-history":[{"count":5,"href":"https:\/\/farmersbank.ca\/fr\/wp-json\/wp\/v2\/pages\/2694\/revisions"}],"predecessor-version":[{"id":3277,"href":"https:\/\/farmersbank.ca\/fr\/wp-json\/wp\/v2\/pages\/2694\/revisions\/3277"}],"up":[{"embeddable":true,"href":"https:\/\/farmersbank.ca\/fr\/wp-json\/wp\/v2\/pages\/2660"}],"wp:attachment":[{"href":"https:\/\/farmersbank.ca\/fr\/wp-json\/wp\/v2\/media?parent=2694"}],"curies":[{"name":"wp","href":"https:\/\/api.w.org\/{rel}","templated":true}]}}