{"id":2701,"date":"2022-09-21T16:43:58","date_gmt":"2022-09-21T19:43:58","guid":{"rendered":"https:\/\/farmersbank.ca\/genealogy\/"},"modified":"2023-04-21T11:34:28","modified_gmt":"2023-04-21T14:34:28","slug":"genealogy","status":"publish","type":"page","link":"https:\/\/farmersbank.ca\/fr\/genealogy\/","title":{"rendered":"G\u00e9n\u00e9alogie"},"content":{"rendered":"\n<div class=\"wp-block-columns is-layout-flex wp-container-core-columns-is-layout-9d6595d7 wp-block-columns-is-layout-flex\">\n<div class=\"wp-block-column is-layout-flow wp-block-column-is-layout-flow\">\n<h1 class=\"wp-block-heading\">G\u00e9n\u00e9alogie des familles acadiennes de la r\u00e9gion de Rustico<\/h1>\n\n\n\n<p>Le Mus\u00e9e de la Banque des fermiers de Rustico poss\u00e8de une vaste collection de renseignements g\u00e9n\u00e9alogiques recueillis par Theresa Gallant pendant un nombre d\u2019ann\u00e9es, avec des ajouts r\u00e9cents soumis par Clem Gallant.<\/p>\n\n\n\n<p>Il existe divers documents et histoires locales \u2013 notamment des photocopies des registres de l\u2019\u00e9glise St. Augustine (1812-1907), de l\u2019\u00e9glise St. Ann\u2019s (1881-1900) et de l\u2019\u00c9glise Sainte-Anne-de-Ristigouche (1860-1870); des classeurs de fiches de groupes familiaux; les registres des naissances, des mariages et des d\u00e9c\u00e8s; les histoires paroissiales pour l\u2019\u00e9glise St. Augustine, l\u2019\u00e9glise St. Ann\u2019s et l\u2019\u00e9glise Stella Maris, etc.; des transcriptions de cimeti\u00e8re avec cartes de pierres tombales; divers registres de recensement; des anciennes cartes de la r\u00e9gion et Atlas de Meacham de 1880 et Atlas de Cummins de 1928; une vari\u00e9t\u00e9 de baux et de testaments, et davantage.<\/p>\n\n\n\n<p class=\"has-md-max-width\">On y trouve des livres portant sur la population acadienne de divers auteurs : Bona Arsenault, J. Henri Blanchard, Patrice Gallant, Stephen White, Jean Bernard, Georges Arsenault et davantage.<\/p>\n\n\n\n<p class=\"has-md-max-width\">Des frais seront factur\u00e9s pour un rendez-vous en fonction de la recherche requise.<\/p>\n<\/div>\n\n\n\n<div class=\"wp-block-column is-layout-flow wp-block-column-is-layout-flow\">\n<figure class=\"wp-block-image size-large\"><img loading=\"lazy\" decoding=\"async\" width=\"883\" height=\"1024\" src=\"https:\/\/farmersbank.ca\/wp-content\/uploads\/2023\/01\/Robert-Harris-drawing-of-a-Rustico-House-883x1024.jpg\" alt=\"\u201cRustico Home\u201d by Robert Harris\" class=\"wp-image-2173\" srcset=\"https:\/\/farmersbank.ca\/wp-content\/uploads\/2023\/01\/Robert-Harris-drawing-of-a-Rustico-House-259x300.jpg 259w, https:\/\/farmersbank.ca\/wp-content\/uploads\/2023\/01\/Robert-Harris-drawing-of-a-Rustico-House-600x696.jpg 600w, https:\/\/farmersbank.ca\/wp-content\/uploads\/2023\/01\/Robert-Harris-drawing-of-a-Rustico-House-768x891.jpg 768w, https:\/\/farmersbank.ca\/wp-content\/uploads\/2023\/01\/Robert-Harris-drawing-of-a-Rustico-House-883x1024.jpg 883w, https:\/\/farmersbank.ca\/wp-content\/uploads\/2023\/01\/Robert-Harris-drawing-of-a-Rustico-House.jpg 900w\" sizes=\"auto, (max-width: 883px) 100vw, 883px\" \/><figcaption class=\"wp-element-caption\">\u201cRustico Home\u201d par Robert Harris<\/figcaption><\/figure>\n<\/div>\n<\/div>\n\n\n<div class=\"wp-block-image\">\n<figure class=\"aligncenter size-full has-xxl-margin-top\"><img loading=\"lazy\" decoding=\"async\" width=\"750\" height=\"224\" src=\"https:\/\/farmersbank.ca\/wp-content\/uploads\/2022\/09\/genealogy.jpg\" alt=\"\" class=\"wp-image-1825\" srcset=\"https:\/\/farmersbank.ca\/wp-content\/uploads\/2022\/09\/genealogy-300x90.jpg 300w, https:\/\/farmersbank.ca\/wp-content\/uploads\/2022\/09\/genealogy-600x179.jpg 600w, https:\/\/farmersbank.ca\/wp-content\/uploads\/2022\/09\/genealogy.jpg 750w\" sizes=\"auto, (max-width: 750px) 100vw, 750px\" \/><\/figure>\n<\/div>","protected":false},"excerpt":{"rendered":"<p>G\u00e9n\u00e9alogie des familles acadiennes de la r\u00e9gion de Rustico Le Mus\u00e9e de la Banque des fermiers de Rustico poss\u00e8de une vaste collection de renseignements g\u00e9n\u00e9alogiques recueillis par Theresa Gallant pendant un nombre d\u2019ann\u00e9es, avec des ajouts r\u00e9cents soumis par Clem Gallant. Il existe divers documents et histoires locales \u2013 notamment des photocopies des registres de &hellip;<\/p>\n","protected":false},"author":1,"featured_media":2560,"parent":0,"menu_order":0,"comment_status":"closed","ping_status":"closed","template":"","meta":{"_acf_changed":false,"_genesis_hide_title":false,"_genesis_hide_breadcrumbs":false,"_genesis_hide_singular_image":false,"_genesis_hide_footer_widgets":false,"_genesis_custom_body_class":"","_genesis_custom_post_class":"","_genesis_layout":"","footnotes":""},"class_list":{"1":"page","2":"type-page","6":"entry"},"yoast_head":"<!-- This site is optimized with the Yoast SEO plugin v27.4 - https:\/\/yoast.com\/product\/yoast-seo-wordpress\/ -->\n<title>G\u00e9n\u00e9alogie - Farmers&#039; Bank of Rustico &amp; Doucet House Museums<\/title>\n<meta name=\"robots\" content=\"index, follow, max-snippet:-1, max-image-preview:large, max-video-preview:-1\" \/>\n<link rel=\"canonical\" href=\"https:\/\/farmersbank.ca\/fr\/genealogy\/\" \/>\n<meta property=\"og:locale\" content=\"fr_FR\" \/>\n<meta property=\"og:type\" content=\"article\" \/>\n<meta property=\"og:title\" content=\"G\u00e9n\u00e9alogie - Farmers&#039; Bank of Rustico &amp; Doucet House Museums\" \/>\n<meta property=\"og:description\" content=\"G\u00e9n\u00e9alogie des familles acadiennes de la r\u00e9gion de Rustico Le Mus\u00e9e de la Banque des fermiers de Rustico poss\u00e8de une vaste collection de renseignements g\u00e9n\u00e9alogiques recueillis par Theresa Gallant pendant un nombre d\u2019ann\u00e9es, avec des ajouts r\u00e9cents soumis par Clem Gallant. Il existe divers documents et histoires locales \u2013 notamment des photocopies des registres de &hellip;\" \/>\n<meta property=\"og:url\" content=\"https:\/\/farmersbank.ca\/fr\/genealogy\/\" \/>\n<meta property=\"og:site_name\" content=\"Farmers&#039; Bank of Rustico &amp; Doucet House Museums\" \/>\n<meta property=\"article:publisher\" content=\"https:\/\/www.facebook.com\/farmers.rustico\" \/>\n<meta property=\"article:modified_time\" content=\"2023-04-21T14:34:28+00:00\" \/>\n<meta property=\"og:image\" content=\"https:\/\/farmersbank.ca\/wp-content\/uploads\/2022\/09\/genealogy.jpg\" \/>\n\t<meta property=\"og:image:width\" content=\"750\" \/>\n\t<meta property=\"og:image:height\" content=\"224\" \/>\n\t<meta property=\"og:image:type\" content=\"image\/jpeg\" \/>\n<meta name=\"twitter:card\" content=\"summary_large_image\" \/>\n<meta name=\"twitter:site\" content=\"@farmersbankpei\" \/>\n<meta name=\"twitter:label1\" content=\"Dur\u00e9e de lecture estim\u00e9e\" \/>\n\t<meta name=\"twitter:data1\" content=\"2 minutes\" \/>\n<script type=\"application\/ld+json\" class=\"yoast-schema-graph\">{\"@context\":\"https:\\\/\\\/schema.org\",\"@graph\":[{\"@type\":\"WebPage\",\"@id\":\"https:\\\/\\\/farmersbank.ca\\\/fr\\\/genealogy\\\/\",\"url\":\"https:\\\/\\\/farmersbank.ca\\\/fr\\\/genealogy\\\/\",\"name\":\"G\u00e9n\u00e9alogie - Farmers&#039; Bank of Rustico &amp; Doucet House Museums\",\"isPartOf\":{\"@id\":\"https:\\\/\\\/farmersbank.ca\\\/#website\"},\"primaryImageOfPage\":{\"@id\":\"https:\\\/\\\/farmersbank.ca\\\/fr\\\/genealogy\\\/#primaryimage\"},\"image\":{\"@id\":\"https:\\\/\\\/farmersbank.ca\\\/fr\\\/genealogy\\\/#primaryimage\"},\"thumbnailUrl\":\"https:\\\/\\\/farmersbank.ca\\\/wp-content\\\/uploads\\\/2022\\\/09\\\/genealogy.jpg\",\"datePublished\":\"2022-09-21T19:43:58+00:00\",\"dateModified\":\"2023-04-21T14:34:28+00:00\",\"breadcrumb\":{\"@id\":\"https:\\\/\\\/farmersbank.ca\\\/fr\\\/genealogy\\\/#breadcrumb\"},\"inLanguage\":\"fr-FR\",\"potentialAction\":[{\"@type\":\"ReadAction\",\"target\":[\"https:\\\/\\\/farmersbank.ca\\\/fr\\\/genealogy\\\/\"]}]},{\"@type\":\"ImageObject\",\"inLanguage\":\"fr-FR\",\"@id\":\"https:\\\/\\\/farmersbank.ca\\\/fr\\\/genealogy\\\/#primaryimage\",\"url\":\"https:\\\/\\\/farmersbank.ca\\\/wp-content\\\/uploads\\\/2022\\\/09\\\/genealogy.jpg\",\"contentUrl\":\"https:\\\/\\\/farmersbank.ca\\\/wp-content\\\/uploads\\\/2022\\\/09\\\/genealogy.jpg\",\"width\":750,\"height\":224},{\"@type\":\"BreadcrumbList\",\"@id\":\"https:\\\/\\\/farmersbank.ca\\\/fr\\\/genealogy\\\/#breadcrumb\",\"itemListElement\":[{\"@type\":\"ListItem\",\"position\":1,\"name\":\"Home\",\"item\":\"https:\\\/\\\/farmersbank.ca\\\/fr\\\/\"},{\"@type\":\"ListItem\",\"position\":2,\"name\":\"G\u00e9n\u00e9alogie\"}]},{\"@type\":\"WebSite\",\"@id\":\"https:\\\/\\\/farmersbank.ca\\\/#website\",\"url\":\"https:\\\/\\\/farmersbank.ca\\\/\",\"name\":\"Farmers Bank of Rustico & Doucet House Museums\",\"description\":\"North Rustico, Prince Edward Island\",\"publisher\":{\"@id\":\"https:\\\/\\\/farmersbank.ca\\\/#organization\"},\"potentialAction\":[{\"@type\":\"SearchAction\",\"target\":{\"@type\":\"EntryPoint\",\"urlTemplate\":\"https:\\\/\\\/farmersbank.ca\\\/?s={search_term_string}\"},\"query-input\":{\"@type\":\"PropertyValueSpecification\",\"valueRequired\":true,\"valueName\":\"search_term_string\"}}],\"inLanguage\":\"fr-FR\"},{\"@type\":\"Organization\",\"@id\":\"https:\\\/\\\/farmersbank.ca\\\/#organization\",\"name\":\"Farmers Bank of Rustico & Doucet House Museums\",\"url\":\"https:\\\/\\\/farmersbank.ca\\\/\",\"logo\":{\"@type\":\"ImageObject\",\"inLanguage\":\"fr-FR\",\"@id\":\"https:\\\/\\\/farmersbank.ca\\\/#\\\/schema\\\/logo\\\/image\\\/\",\"url\":\"https:\\\/\\\/farmersbank.ca\\\/wp-content\\\/uploads\\\/2023\\\/02\\\/SEO-Farmers-Bank-Doucet-House-logo-en.jpg\",\"contentUrl\":\"https:\\\/\\\/farmersbank.ca\\\/wp-content\\\/uploads\\\/2023\\\/02\\\/SEO-Farmers-Bank-Doucet-House-logo-en.jpg\",\"width\":690,\"height\":690,\"caption\":\"Farmers Bank of Rustico & Doucet House Museums\"},\"image\":{\"@id\":\"https:\\\/\\\/farmersbank.ca\\\/#\\\/schema\\\/logo\\\/image\\\/\"},\"sameAs\":[\"https:\\\/\\\/www.facebook.com\\\/farmers.rustico\",\"https:\\\/\\\/x.com\\\/farmersbankpei\",\"https:\\\/\\\/www.instagram.com\\\/farmersbankpei\\\/\"]}]}<\/script>\n<!-- \/ Yoast SEO plugin. -->","yoast_head_json":{"title":"G\u00e9n\u00e9alogie - Farmers&#039; Bank of Rustico &amp; Doucet House Museums","robots":{"index":"index","follow":"follow","max-snippet":"max-snippet:-1","max-image-preview":"max-image-preview:large","max-video-preview":"max-video-preview:-1"},"canonical":"https:\/\/farmersbank.ca\/fr\/genealogy\/","og_locale":"fr_FR","og_type":"article","og_title":"G\u00e9n\u00e9alogie - Farmers&#039; Bank of Rustico &amp; Doucet House Museums","og_description":"G\u00e9n\u00e9alogie des familles acadiennes de la r\u00e9gion de Rustico Le Mus\u00e9e de la Banque des fermiers de Rustico poss\u00e8de une vaste collection de renseignements g\u00e9n\u00e9alogiques recueillis par Theresa Gallant pendant un nombre d\u2019ann\u00e9es, avec des ajouts r\u00e9cents soumis par Clem Gallant. Il existe divers documents et histoires locales \u2013 notamment des photocopies des registres de &hellip;","og_url":"https:\/\/farmersbank.ca\/fr\/genealogy\/","og_site_name":"Farmers&#039; Bank of Rustico &amp; Doucet House Museums","article_publisher":"https:\/\/www.facebook.com\/farmers.rustico","article_modified_time":"2023-04-21T14:34:28+00:00","og_image":[{"width":750,"height":224,"url":"https:\/\/farmersbank.ca\/wp-content\/uploads\/2022\/09\/genealogy.jpg","type":"image\/jpeg"}],"twitter_card":"summary_large_image","twitter_site":"@farmersbankpei","twitter_misc":{"Dur\u00e9e de lecture estim\u00e9e":"2 minutes"},"schema":{"@context":"https:\/\/schema.org","@graph":[{"@type":"WebPage","@id":"https:\/\/farmersbank.ca\/fr\/genealogy\/","url":"https:\/\/farmersbank.ca\/fr\/genealogy\/","name":"G\u00e9n\u00e9alogie - Farmers&#039; Bank of Rustico &amp; Doucet House Museums","isPartOf":{"@id":"https:\/\/farmersbank.ca\/#website"},"primaryImageOfPage":{"@id":"https:\/\/farmersbank.ca\/fr\/genealogy\/#primaryimage"},"image":{"@id":"https:\/\/farmersbank.ca\/fr\/genealogy\/#primaryimage"},"thumbnailUrl":"https:\/\/farmersbank.ca\/wp-content\/uploads\/2022\/09\/genealogy.jpg","datePublished":"2022-09-21T19:43:58+00:00","dateModified":"2023-04-21T14:34:28+00:00","breadcrumb":{"@id":"https:\/\/farmersbank.ca\/fr\/genealogy\/#breadcrumb"},"inLanguage":"fr-FR","potentialAction":[{"@type":"ReadAction","target":["https:\/\/farmersbank.ca\/fr\/genealogy\/"]}]},{"@type":"ImageObject","inLanguage":"fr-FR","@id":"https:\/\/farmersbank.ca\/fr\/genealogy\/#primaryimage","url":"https:\/\/farmersbank.ca\/wp-content\/uploads\/2022\/09\/genealogy.jpg","contentUrl":"https:\/\/farmersbank.ca\/wp-content\/uploads\/2022\/09\/genealogy.jpg","width":750,"height":224},{"@type":"BreadcrumbList","@id":"https:\/\/farmersbank.ca\/fr\/genealogy\/#breadcrumb","itemListElement":[{"@type":"ListItem","position":1,"name":"Home","item":"https:\/\/farmersbank.ca\/fr\/"},{"@type":"ListItem","position":2,"name":"G\u00e9n\u00e9alogie"}]},{"@type":"WebSite","@id":"https:\/\/farmersbank.ca\/#website","url":"https:\/\/farmersbank.ca\/","name":"Farmers Bank of Rustico & Doucet House Museums","description":"North Rustico, Prince Edward Island","publisher":{"@id":"https:\/\/farmersbank.ca\/#organization"},"potentialAction":[{"@type":"SearchAction","target":{"@type":"EntryPoint","urlTemplate":"https:\/\/farmersbank.ca\/?s={search_term_string}"},"query-input":{"@type":"PropertyValueSpecification","valueRequired":true,"valueName":"search_term_string"}}],"inLanguage":"fr-FR"},{"@type":"Organization","@id":"https:\/\/farmersbank.ca\/#organization","name":"Farmers Bank of Rustico & Doucet House Museums","url":"https:\/\/farmersbank.ca\/","logo":{"@type":"ImageObject","inLanguage":"fr-FR","@id":"https:\/\/farmersbank.ca\/#\/schema\/logo\/image\/","url":"https:\/\/farmersbank.ca\/wp-content\/uploads\/2023\/02\/SEO-Farmers-Bank-Doucet-House-logo-en.jpg","contentUrl":"https:\/\/farmersbank.ca\/wp-content\/uploads\/2023\/02\/SEO-Farmers-Bank-Doucet-House-logo-en.jpg","width":690,"height":690,"caption":"Farmers Bank of Rustico & Doucet House Museums"},"image":{"@id":"https:\/\/farmersbank.ca\/#\/schema\/logo\/image\/"},"sameAs":["https:\/\/www.facebook.com\/farmers.rustico","https:\/\/x.com\/farmersbankpei","https:\/\/www.instagram.com\/farmersbankpei\/"]}]}},"acf":[],"jetpack_sharing_enabled":true,"_links":{"self":[{"href":"https:\/\/farmersbank.ca\/fr\/wp-json\/wp\/v2\/pages\/2701","targetHints":{"allow":["GET"]}}],"collection":[{"href":"https:\/\/farmersbank.ca\/fr\/wp-json\/wp\/v2\/pages"}],"about":[{"href":"https:\/\/farmersbank.ca\/fr\/wp-json\/wp\/v2\/types\/page"}],"author":[{"embeddable":true,"href":"https:\/\/farmersbank.ca\/fr\/wp-json\/wp\/v2\/users\/1"}],"replies":[{"embeddable":true,"href":"https:\/\/farmersbank.ca\/fr\/wp-json\/wp\/v2\/comments?post=2701"}],"version-history":[{"count":4,"href":"https:\/\/farmersbank.ca\/fr\/wp-json\/wp\/v2\/pages\/2701\/revisions"}],"predecessor-version":[{"id":2853,"href":"https:\/\/farmersbank.ca\/fr\/wp-json\/wp\/v2\/pages\/2701\/revisions\/2853"}],"wp:featuredmedia":[{"embeddable":true,"href":"https:\/\/farmersbank.ca\/fr\/wp-json\/wp\/v2\/media\/2560"}],"wp:attachment":[{"href":"https:\/\/farmersbank.ca\/fr\/wp-json\/wp\/v2\/media?parent=2701"}],"curies":[{"name":"wp","href":"https:\/\/api.w.org\/{rel}","templated":true}]}}