{"id":2709,"date":"2023-01-10T17:33:07","date_gmt":"2023-01-10T21:33:07","guid":{"rendered":"https:\/\/farmersbank.ca\/the-friends-of-the-farmers-bank-of-rustico-inc\/"},"modified":"2023-03-19T10:43:24","modified_gmt":"2023-03-19T13:43:24","slug":"the-friends-of-the-farmers-bank-of-rustico-inc","status":"publish","type":"page","link":"https:\/\/farmersbank.ca\/fr\/the-friends-of-the-farmers-bank-of-rustico-inc\/","title":{"rendered":"Les Amis de la Banque des fermiers de Rustico inc."},"content":{"rendered":"<div class=\"wp-block-image\">\n<figure class=\"alignright size-full is-resized\"><a href=\"https:\/\/farmersbank.ca\/wp-content\/uploads\/2023\/01\/friends-of-the-farmers-bank-of-rustico.jpg\"><img loading=\"lazy\" decoding=\"async\" src=\"https:\/\/farmersbank.ca\/wp-content\/uploads\/2023\/01\/friends-of-the-farmers-bank-of-rustico.jpg\" alt=\"\" class=\"wp-image-2384\" width=\"768\" height=\"576\" srcset=\"https:\/\/farmersbank.ca\/wp-content\/uploads\/2023\/01\/friends-of-the-farmers-bank-of-rustico-300x225.jpg 300w, https:\/\/farmersbank.ca\/wp-content\/uploads\/2023\/01\/friends-of-the-farmers-bank-of-rustico-400x300.jpg 400w, https:\/\/farmersbank.ca\/wp-content\/uploads\/2023\/01\/friends-of-the-farmers-bank-of-rustico-600x450.jpg 600w, https:\/\/farmersbank.ca\/wp-content\/uploads\/2023\/01\/friends-of-the-farmers-bank-of-rustico-768x576.jpg 768w, https:\/\/farmersbank.ca\/wp-content\/uploads\/2023\/01\/friends-of-the-farmers-bank-of-rustico-800x600.jpg 800w, https:\/\/farmersbank.ca\/wp-content\/uploads\/2023\/01\/friends-of-the-farmers-bank-of-rustico.jpg 1024w\" sizes=\"auto, (max-width: 768px) 100vw, 768px\" \/><\/a><\/figure>\n<\/div>\n\n\n<p>Les Amis de la Banque des fermiers de Rustico inc. est un organisme compos\u00e9 de b\u00e9n\u00e9voles qui travaillent toute l\u2019ann\u00e9e pour assurer la viabilit\u00e9 de ce lieu historique national. Les t\u00e2ches du conseil d\u2019administration comprennent la collecte de fonds, la pr\u00e9paration des subventions, l\u2019entretien des installations, l\u2019entretien et l\u2019attention aux expositions, le recrutement de nouveaux b\u00e9n\u00e9voles et l\u2019acc\u00e8s \u00e0 de nouveaux artefacts.<\/p>\n\n\n\n<p>Les objectifs de l\u2019organisme sont tr\u00e8s clairs\u00a0: de maintenir le mus\u00e9e pour les g\u00e9n\u00e9rations \u00e0 venir; de pr\u00e9server la culture acadienne dans la collectivit\u00e9 locale; de travailler avec d\u2019autres organismes partageant la m\u00eame vision, y compris au conseil d\u2019administration d\u2019Acadie \u00ce.-P.-\u00c9.; et d\u2019offrir aux \u00e9tudiants d\u2019\u00e9t\u00e9 une exp\u00e9rience de travail bilingue \u00e0 la fois stimulante, orient\u00e9e sur les connaissances, exp\u00e9rientielle et favorisant la croissance personnelle.<\/p>\n\n\n\n<p>La Bande des fermiers de Rustico a \u00e9t\u00e9 d\u00e9sign\u00e9e un lieu historique national du Canada en 1959 au m\u00eame moment o\u00f9 le p\u00e8re Georges-Antoine Belcourt a \u00e9t\u00e9 d\u00e9clar\u00e9 une personne d\u2019importance historique nationale. Depuis 1996, la banque est d\u00e9tenue et exploit\u00e9e par les Amis de la Banque des fermiers inc.\/Friends of the Farmer\u2019s Bank of Rustico Incorporated. Les Amis ont acquis la Maison Doucet en 1999 au moment o\u00f9 son propri\u00e9taire a voulu la d\u00e9molir pour pr\u00e9parer le site de construction de sa nouvelle maison. Pour \u00e9viter que la maison en rondins ne soit d\u00e9molie, les Amis l\u2019ont fait d\u00e9m\u00e9nager sur un terrain \u00e0 c\u00f4t\u00e9 de la Banque des fermiers. La restauration a commenc\u00e9 en 2003. La Banque des fermiers et la Maison Doucet sont des exemples embl\u00e9matiques de l\u2019histoire et de la culture acadiennes \u00e0 l\u2019\u00cele-du-Prince-\u00c9douard, de nos b\u00e2timents historiques \u00e0 nos jardins patrimoniaux. Les mus\u00e9es sont ouverts de la mi-juin \u00e0 la mi-septembre et lors d\u2019occasions sp\u00e9ciales tout au long de l\u2019ann\u00e9e. L\u2019histoire de la Banque des fermiers de Rustico est unique, elle a tout d\u2019abord \u00e9t\u00e9 cr\u00e9\u00e9e comme v\u00e9ritable banque pour r\u00e9pondre aux besoins financiers des agriculteurs et des p\u00eacheurs acadiens de la collectivit\u00e9 locale. Le fondateur de la Banque, le p\u00e8re Georges-Antoine Belcourt, pr\u00eatre j\u00e9suite et missionnaire, \u00e9tait un meneur visionnaire, un d\u00e9fenseur des droits de la personne et il a travaill\u00e9 sans rel\u00e2che pour aider les Acadiens et Acadiennes. Pendant son temps \u00e0 Rustico, il a cr\u00e9\u00e9 l\u2019Institut catholique, promouvant des id\u00e9es qui encourageaient l\u2019autonomie des paroissiens. Il a cr\u00e9\u00e9 la Banque des fermiers de Rustico, le pr\u00e9curseur du mouvement des caisses populaires en Am\u00e9rique du Nord; il a aussi cr\u00e9\u00e9 une \u00ab \u00e9cole mod\u00e8le \u00bb pour \u00e9duquer les jeunes gens qui devinrent enseignants, avocats et m\u00e9decins. Il a \u00e9tabli la premi\u00e8re biblioth\u00e8que publique gratuite sur l\u2019\u00cele et il a form\u00e9 une fanfare qui rivalisait avec les meilleures fanfares de Charlottetown. Son travail acharn\u00e9 et son d\u00e9vouement ont aid\u00e9 les Acadiens et Acadiennes \u00e0 renforcer leur autonomie et \u00e0 se sortir de la pauvret\u00e9.<\/p>\n\n\n\n<p>En 2022, dans le cadre du 250<sup>e<\/sup> anniversaire de la Maison Doucet de 1772, nous avons offert un programme alimentaire exp\u00e9rientiel \u00e9toff\u00e9 avec des repas traditionnels acadiens dans la maison en rondin, soit la plus ancienne maison de l\u2019\u00cele-du-Prince-\u00c9douard. Nous avons \u00e9galement \u00e9tabli et r\u00e9alis\u00e9 avec succ\u00e8s le Festival \u00ab Meat Pie \u00bb dans les six r\u00e9gions acadiennes de l\u2019\u00cele afin de promouvoir la riche culture acadienne.<\/p>\n\n\n\n<p>Nous avons restaur\u00e9 l\u2019ancien \u00e9difice de la St. Augustine Credit Union, situ\u00e9 \u00e0 1\u00a0km de notre mus\u00e9e principal, o\u00f9 nous offrons un centre d\u2019accueil et un mus\u00e9e satellite qui pr\u00e9sente le patrimoine acadien de notre r\u00e9gion et des cinq autres r\u00e9gions acadiennes de l\u2019\u00cele, et une petite boutique de cadeaux.<\/p>\n\n\n\n<p>Entre 2021 et 2023, avec le soutien de divers organismes de financement f\u00e9d\u00e9raux et provinciaux, nous avons effectu\u00e9 des travaux de restauration au Mus\u00e9e de la Banque des fermiers, \u00e0 la Maison Doucet, am\u00e9liorant l\u2019accessibilit\u00e9 du site. Nous avons construit un nouveau b\u00e2timent de d\u00e9monstration et d\u2019interpr\u00e9tation pour nous permettre d\u2019offrir nos programmes alimentaires \u00e0 de plus grands groupes, et nous avons restaur\u00e9 l\u2019ancien \u00e9difice de la St. Augustine Credit Union.<\/p>\n","protected":false},"excerpt":{"rendered":"<p>Les Amis de la Banque des fermiers de Rustico inc. est un organisme compos\u00e9 de b\u00e9n\u00e9voles qui travaillent toute l\u2019ann\u00e9e pour assurer la viabilit\u00e9 de ce lieu historique national. Les t\u00e2ches du conseil d\u2019administration comprennent la collecte de fonds, la pr\u00e9paration des subventions, l\u2019entretien des installations, l\u2019entretien et l\u2019attention aux expositions, le recrutement de nouveaux &hellip;<\/p>\n","protected":false},"author":1,"featured_media":0,"parent":0,"menu_order":0,"comment_status":"closed","ping_status":"closed","template":"","meta":{"_acf_changed":false,"_genesis_hide_title":false,"_genesis_hide_breadcrumbs":false,"_genesis_hide_singular_image":false,"_genesis_hide_footer_widgets":false,"_genesis_custom_body_class":"","_genesis_custom_post_class":"","_genesis_layout":"","footnotes":""},"class_list":{"1":"page","2":"type-page","5":"entry"},"yoast_head":"<!-- This site is optimized with the Yoast SEO plugin v27.4 - https:\/\/yoast.com\/product\/yoast-seo-wordpress\/ -->\n<title>Les Amis de la Banque des fermiers de Rustico inc. - Farmers&#039; Bank of Rustico &amp; Doucet House Museums<\/title>\n<meta name=\"robots\" content=\"index, follow, max-snippet:-1, max-image-preview:large, max-video-preview:-1\" \/>\n<link rel=\"canonical\" href=\"https:\/\/farmersbank.ca\/fr\/the-friends-of-the-farmers-bank-of-rustico-inc\/\" \/>\n<meta property=\"og:locale\" content=\"fr_FR\" \/>\n<meta property=\"og:type\" content=\"article\" \/>\n<meta property=\"og:title\" content=\"Les Amis de la Banque des fermiers de Rustico inc. - Farmers&#039; Bank of Rustico &amp; Doucet House Museums\" \/>\n<meta property=\"og:description\" content=\"Les Amis de la Banque des fermiers de Rustico inc. est un organisme compos\u00e9 de b\u00e9n\u00e9voles qui travaillent toute l\u2019ann\u00e9e pour assurer la viabilit\u00e9 de ce lieu historique national. Les t\u00e2ches du conseil d\u2019administration comprennent la collecte de fonds, la pr\u00e9paration des subventions, l\u2019entretien des installations, l\u2019entretien et l\u2019attention aux expositions, le recrutement de nouveaux &hellip;\" \/>\n<meta property=\"og:url\" content=\"https:\/\/farmersbank.ca\/fr\/the-friends-of-the-farmers-bank-of-rustico-inc\/\" \/>\n<meta property=\"og:site_name\" content=\"Farmers&#039; Bank of Rustico &amp; Doucet House Museums\" \/>\n<meta property=\"article:publisher\" content=\"https:\/\/www.facebook.com\/farmers.rustico\" \/>\n<meta property=\"article:modified_time\" content=\"2023-03-19T13:43:24+00:00\" \/>\n<meta property=\"og:image\" content=\"https:\/\/farmersbank.ca\/wp-content\/uploads\/2023\/01\/friends-of-the-farmers-bank-of-rustico.jpg\" \/>\n<meta name=\"twitter:card\" content=\"summary_large_image\" \/>\n<meta name=\"twitter:site\" content=\"@farmersbankpei\" \/>\n<meta name=\"twitter:label1\" content=\"Dur\u00e9e de lecture estim\u00e9e\" \/>\n\t<meta name=\"twitter:data1\" content=\"4 minutes\" \/>\n<script type=\"application\/ld+json\" class=\"yoast-schema-graph\">{\"@context\":\"https:\\\/\\\/schema.org\",\"@graph\":[{\"@type\":\"WebPage\",\"@id\":\"https:\\\/\\\/farmersbank.ca\\\/fr\\\/the-friends-of-the-farmers-bank-of-rustico-inc\\\/\",\"url\":\"https:\\\/\\\/farmersbank.ca\\\/fr\\\/the-friends-of-the-farmers-bank-of-rustico-inc\\\/\",\"name\":\"Les Amis de la Banque des fermiers de Rustico inc. - Farmers&#039; Bank of Rustico &amp; Doucet House Museums\",\"isPartOf\":{\"@id\":\"https:\\\/\\\/farmersbank.ca\\\/#website\"},\"primaryImageOfPage\":{\"@id\":\"https:\\\/\\\/farmersbank.ca\\\/fr\\\/the-friends-of-the-farmers-bank-of-rustico-inc\\\/#primaryimage\"},\"image\":{\"@id\":\"https:\\\/\\\/farmersbank.ca\\\/fr\\\/the-friends-of-the-farmers-bank-of-rustico-inc\\\/#primaryimage\"},\"thumbnailUrl\":\"https:\\\/\\\/farmersbank.ca\\\/wp-content\\\/uploads\\\/2023\\\/01\\\/friends-of-the-farmers-bank-of-rustico.jpg\",\"datePublished\":\"2023-01-10T21:33:07+00:00\",\"dateModified\":\"2023-03-19T13:43:24+00:00\",\"breadcrumb\":{\"@id\":\"https:\\\/\\\/farmersbank.ca\\\/fr\\\/the-friends-of-the-farmers-bank-of-rustico-inc\\\/#breadcrumb\"},\"inLanguage\":\"fr-FR\",\"potentialAction\":[{\"@type\":\"ReadAction\",\"target\":[\"https:\\\/\\\/farmersbank.ca\\\/fr\\\/the-friends-of-the-farmers-bank-of-rustico-inc\\\/\"]}]},{\"@type\":\"ImageObject\",\"inLanguage\":\"fr-FR\",\"@id\":\"https:\\\/\\\/farmersbank.ca\\\/fr\\\/the-friends-of-the-farmers-bank-of-rustico-inc\\\/#primaryimage\",\"url\":\"https:\\\/\\\/farmersbank.ca\\\/wp-content\\\/uploads\\\/2023\\\/01\\\/friends-of-the-farmers-bank-of-rustico.jpg\",\"contentUrl\":\"https:\\\/\\\/farmersbank.ca\\\/wp-content\\\/uploads\\\/2023\\\/01\\\/friends-of-the-farmers-bank-of-rustico.jpg\"},{\"@type\":\"BreadcrumbList\",\"@id\":\"https:\\\/\\\/farmersbank.ca\\\/fr\\\/the-friends-of-the-farmers-bank-of-rustico-inc\\\/#breadcrumb\",\"itemListElement\":[{\"@type\":\"ListItem\",\"position\":1,\"name\":\"Home\",\"item\":\"https:\\\/\\\/farmersbank.ca\\\/fr\\\/\"},{\"@type\":\"ListItem\",\"position\":2,\"name\":\"Les Amis de la Banque des fermiers de Rustico inc.\"}]},{\"@type\":\"WebSite\",\"@id\":\"https:\\\/\\\/farmersbank.ca\\\/#website\",\"url\":\"https:\\\/\\\/farmersbank.ca\\\/\",\"name\":\"Farmers Bank of Rustico & Doucet House Museums\",\"description\":\"North Rustico, Prince Edward Island\",\"publisher\":{\"@id\":\"https:\\\/\\\/farmersbank.ca\\\/#organization\"},\"potentialAction\":[{\"@type\":\"SearchAction\",\"target\":{\"@type\":\"EntryPoint\",\"urlTemplate\":\"https:\\\/\\\/farmersbank.ca\\\/?s={search_term_string}\"},\"query-input\":{\"@type\":\"PropertyValueSpecification\",\"valueRequired\":true,\"valueName\":\"search_term_string\"}}],\"inLanguage\":\"fr-FR\"},{\"@type\":\"Organization\",\"@id\":\"https:\\\/\\\/farmersbank.ca\\\/#organization\",\"name\":\"Farmers Bank of Rustico & Doucet House Museums\",\"url\":\"https:\\\/\\\/farmersbank.ca\\\/\",\"logo\":{\"@type\":\"ImageObject\",\"inLanguage\":\"fr-FR\",\"@id\":\"https:\\\/\\\/farmersbank.ca\\\/#\\\/schema\\\/logo\\\/image\\\/\",\"url\":\"https:\\\/\\\/farmersbank.ca\\\/wp-content\\\/uploads\\\/2023\\\/02\\\/SEO-Farmers-Bank-Doucet-House-logo-en.jpg\",\"contentUrl\":\"https:\\\/\\\/farmersbank.ca\\\/wp-content\\\/uploads\\\/2023\\\/02\\\/SEO-Farmers-Bank-Doucet-House-logo-en.jpg\",\"width\":690,\"height\":690,\"caption\":\"Farmers Bank of Rustico & Doucet House Museums\"},\"image\":{\"@id\":\"https:\\\/\\\/farmersbank.ca\\\/#\\\/schema\\\/logo\\\/image\\\/\"},\"sameAs\":[\"https:\\\/\\\/www.facebook.com\\\/farmers.rustico\",\"https:\\\/\\\/x.com\\\/farmersbankpei\",\"https:\\\/\\\/www.instagram.com\\\/farmersbankpei\\\/\"]}]}<\/script>\n<!-- \/ Yoast SEO plugin. -->","yoast_head_json":{"title":"Les Amis de la Banque des fermiers de Rustico inc. - Farmers&#039; Bank of Rustico &amp; Doucet House Museums","robots":{"index":"index","follow":"follow","max-snippet":"max-snippet:-1","max-image-preview":"max-image-preview:large","max-video-preview":"max-video-preview:-1"},"canonical":"https:\/\/farmersbank.ca\/fr\/the-friends-of-the-farmers-bank-of-rustico-inc\/","og_locale":"fr_FR","og_type":"article","og_title":"Les Amis de la Banque des fermiers de Rustico inc. - Farmers&#039; Bank of Rustico &amp; Doucet House Museums","og_description":"Les Amis de la Banque des fermiers de Rustico inc. est un organisme compos\u00e9 de b\u00e9n\u00e9voles qui travaillent toute l\u2019ann\u00e9e pour assurer la viabilit\u00e9 de ce lieu historique national. Les t\u00e2ches du conseil d\u2019administration comprennent la collecte de fonds, la pr\u00e9paration des subventions, l\u2019entretien des installations, l\u2019entretien et l\u2019attention aux expositions, le recrutement de nouveaux &hellip;","og_url":"https:\/\/farmersbank.ca\/fr\/the-friends-of-the-farmers-bank-of-rustico-inc\/","og_site_name":"Farmers&#039; Bank of Rustico &amp; Doucet House Museums","article_publisher":"https:\/\/www.facebook.com\/farmers.rustico","article_modified_time":"2023-03-19T13:43:24+00:00","og_image":[{"url":"https:\/\/farmersbank.ca\/wp-content\/uploads\/2023\/01\/friends-of-the-farmers-bank-of-rustico.jpg","type":"","width":"","height":""}],"twitter_card":"summary_large_image","twitter_site":"@farmersbankpei","twitter_misc":{"Dur\u00e9e de lecture estim\u00e9e":"4 minutes"},"schema":{"@context":"https:\/\/schema.org","@graph":[{"@type":"WebPage","@id":"https:\/\/farmersbank.ca\/fr\/the-friends-of-the-farmers-bank-of-rustico-inc\/","url":"https:\/\/farmersbank.ca\/fr\/the-friends-of-the-farmers-bank-of-rustico-inc\/","name":"Les Amis de la Banque des fermiers de Rustico inc. - Farmers&#039; Bank of Rustico &amp; Doucet House Museums","isPartOf":{"@id":"https:\/\/farmersbank.ca\/#website"},"primaryImageOfPage":{"@id":"https:\/\/farmersbank.ca\/fr\/the-friends-of-the-farmers-bank-of-rustico-inc\/#primaryimage"},"image":{"@id":"https:\/\/farmersbank.ca\/fr\/the-friends-of-the-farmers-bank-of-rustico-inc\/#primaryimage"},"thumbnailUrl":"https:\/\/farmersbank.ca\/wp-content\/uploads\/2023\/01\/friends-of-the-farmers-bank-of-rustico.jpg","datePublished":"2023-01-10T21:33:07+00:00","dateModified":"2023-03-19T13:43:24+00:00","breadcrumb":{"@id":"https:\/\/farmersbank.ca\/fr\/the-friends-of-the-farmers-bank-of-rustico-inc\/#breadcrumb"},"inLanguage":"fr-FR","potentialAction":[{"@type":"ReadAction","target":["https:\/\/farmersbank.ca\/fr\/the-friends-of-the-farmers-bank-of-rustico-inc\/"]}]},{"@type":"ImageObject","inLanguage":"fr-FR","@id":"https:\/\/farmersbank.ca\/fr\/the-friends-of-the-farmers-bank-of-rustico-inc\/#primaryimage","url":"https:\/\/farmersbank.ca\/wp-content\/uploads\/2023\/01\/friends-of-the-farmers-bank-of-rustico.jpg","contentUrl":"https:\/\/farmersbank.ca\/wp-content\/uploads\/2023\/01\/friends-of-the-farmers-bank-of-rustico.jpg"},{"@type":"BreadcrumbList","@id":"https:\/\/farmersbank.ca\/fr\/the-friends-of-the-farmers-bank-of-rustico-inc\/#breadcrumb","itemListElement":[{"@type":"ListItem","position":1,"name":"Home","item":"https:\/\/farmersbank.ca\/fr\/"},{"@type":"ListItem","position":2,"name":"Les Amis de la Banque des fermiers de Rustico inc."}]},{"@type":"WebSite","@id":"https:\/\/farmersbank.ca\/#website","url":"https:\/\/farmersbank.ca\/","name":"Farmers Bank of Rustico & Doucet House Museums","description":"North Rustico, Prince Edward Island","publisher":{"@id":"https:\/\/farmersbank.ca\/#organization"},"potentialAction":[{"@type":"SearchAction","target":{"@type":"EntryPoint","urlTemplate":"https:\/\/farmersbank.ca\/?s={search_term_string}"},"query-input":{"@type":"PropertyValueSpecification","valueRequired":true,"valueName":"search_term_string"}}],"inLanguage":"fr-FR"},{"@type":"Organization","@id":"https:\/\/farmersbank.ca\/#organization","name":"Farmers Bank of Rustico & Doucet House Museums","url":"https:\/\/farmersbank.ca\/","logo":{"@type":"ImageObject","inLanguage":"fr-FR","@id":"https:\/\/farmersbank.ca\/#\/schema\/logo\/image\/","url":"https:\/\/farmersbank.ca\/wp-content\/uploads\/2023\/02\/SEO-Farmers-Bank-Doucet-House-logo-en.jpg","contentUrl":"https:\/\/farmersbank.ca\/wp-content\/uploads\/2023\/02\/SEO-Farmers-Bank-Doucet-House-logo-en.jpg","width":690,"height":690,"caption":"Farmers Bank of Rustico & Doucet House Museums"},"image":{"@id":"https:\/\/farmersbank.ca\/#\/schema\/logo\/image\/"},"sameAs":["https:\/\/www.facebook.com\/farmers.rustico","https:\/\/x.com\/farmersbankpei","https:\/\/www.instagram.com\/farmersbankpei\/"]}]}},"acf":[],"jetpack_sharing_enabled":true,"_links":{"self":[{"href":"https:\/\/farmersbank.ca\/fr\/wp-json\/wp\/v2\/pages\/2709","targetHints":{"allow":["GET"]}}],"collection":[{"href":"https:\/\/farmersbank.ca\/fr\/wp-json\/wp\/v2\/pages"}],"about":[{"href":"https:\/\/farmersbank.ca\/fr\/wp-json\/wp\/v2\/types\/page"}],"author":[{"embeddable":true,"href":"https:\/\/farmersbank.ca\/fr\/wp-json\/wp\/v2\/users\/1"}],"replies":[{"embeddable":true,"href":"https:\/\/farmersbank.ca\/fr\/wp-json\/wp\/v2\/comments?post=2709"}],"version-history":[{"count":1,"href":"https:\/\/farmersbank.ca\/fr\/wp-json\/wp\/v2\/pages\/2709\/revisions"}],"predecessor-version":[{"id":2711,"href":"https:\/\/farmersbank.ca\/fr\/wp-json\/wp\/v2\/pages\/2709\/revisions\/2711"}],"wp:attachment":[{"href":"https:\/\/farmersbank.ca\/fr\/wp-json\/wp\/v2\/media?parent=2709"}],"curies":[{"name":"wp","href":"https:\/\/api.w.org\/{rel}","templated":true}]}}