{"id":2736,"date":"2023-01-23T17:18:11","date_gmt":"2023-01-23T21:18:11","guid":{"rendered":"https:\/\/farmersbank.ca\/rates\/"},"modified":"2026-02-10T11:02:31","modified_gmt":"2026-02-10T15:02:31","slug":"rates","status":"publish","type":"page","link":"https:\/\/farmersbank.ca\/fr\/rates\/","title":{"rendered":"Tarifs"},"content":{"rendered":"\n<div class=\"wp-block-columns is-layout-flex wp-container-core-columns-is-layout-9d6595d7 wp-block-columns-is-layout-flex\">\n<div class=\"wp-block-column is-layout-flow wp-block-column-is-layout-flow\">\n<p class=\"has-text-align-left\"><strong><strong>DATES D\u2019OUVERTURE<\/strong><\/strong><\/p>\n\n\n\n<p>Du 16 juin au 13 septembre 2026<\/p>\n\n\n\n<p>Mardi \u00e0 samedi&nbsp;: De 10&nbsp;h&nbsp;\u00e0 17&nbsp;h<br>Dimanche&nbsp;: De 11&nbsp;h&nbsp;\u00e0 17&nbsp;h<br>Lundi&nbsp;: Ferm\u00e9<\/p>\n\n\n\n<p>Visites hors saison sur demande, appelez le 902-628-3131<\/p>\n\n\n\n<p><a data-type=\"page\" data-id=\"1801\" href=\"https:\/\/farmersbank.ca\/fr\/food-experiences\/\">*Repas exp\u00e9rientiels dans la Maison Doucet<\/a><\/p>\n<\/div>\n\n\n\n<div class=\"wp-block-column is-layout-flow wp-block-column-is-layout-flow\">\n<p class=\"has-text-align-left\"><strong><strong>PRIX D\u2019ENTR\u00c9E<\/strong><\/strong><\/p>\n\n\n\n<p>Adultes&nbsp;: 9&nbsp;$  A\u00een\u00e9s&nbsp;: 8&nbsp;$<br>Famille&nbsp;: 23&nbsp;$ (2 adultes, 2 jeunes)<br>Jeunes (13 \u00e0 17 ans)&nbsp;: 5&nbsp;$<br>Enfants de 12 ans et moins&nbsp;: Gratuit<br><em><em>Taxes en sus.<\/em><\/em><\/p>\n\n\n\n<p>Commercial de groupe par personne : 8,50 $ y compris l&rsquo;exp\u00e9rience \u00ab\u00a0le beurre, la bannique et la baie.\u00a0\u00bb<\/p>\n\n\n\n<p>*Les frais d&rsquo;incription n&rsquo;incluent pas la TVH.<\/p>\n<\/div>\n\n\n\n<div class=\"wp-block-column is-layout-flow wp-block-column-is-layout-flow\">\n<p class=\"has-text-align-left\"><strong><strong>ABONNEMENT ANNUEL<\/strong><\/strong><\/p>\n\n\n\n<p class=\"has-xl-margin-bottom\">Individuel&nbsp;: 15&nbsp;$<br>Couple&nbsp;: 25&nbsp;$<br>Famille&nbsp;: 30&nbsp;$<br>Avantages de l\u2019abonnement&nbsp;: <br>Entr\u00e9e incluse, 10&nbsp;% rabais dans la boutique, 10&nbsp;% rabais sur les \u00e9v\u00e9nements<\/p>\n\n\n\n<div class=\"wp-block-buttons is-layout-flex wp-block-buttons-is-layout-flex\">\n<div class=\"wp-block-button\"><a class=\"wp-block-button__link button wp-element-button\" href=\"https:\/\/farmersbank.ca\/fr\/membership\/\"><strong>PAYER EN LIGNE<\/strong><\/a><\/div>\n<\/div>\n<\/div>\n<\/div>\n\n\n","protected":false},"excerpt":{"rendered":"<p>DATES D\u2019OUVERTURE Du 16 juin au 13 septembre 2026 Mardi \u00e0 samedi&nbsp;: De 10&nbsp;h&nbsp;\u00e0 17&nbsp;hDimanche&nbsp;: De 11&nbsp;h&nbsp;\u00e0 17&nbsp;hLundi&nbsp;: Ferm\u00e9 Visites hors saison sur demande, appelez le 902-628-3131 *Repas exp\u00e9rientiels dans la Maison Doucet PRIX D\u2019ENTR\u00c9E Adultes&nbsp;: 9&nbsp;$ A\u00een\u00e9s&nbsp;: 8&nbsp;$Famille&nbsp;: 23&nbsp;$ (2 adultes, 2 jeunes)Jeunes (13 \u00e0 17 ans)&nbsp;: 5&nbsp;$Enfants de 12 ans et moins&nbsp;: GratuitTaxes &hellip;<\/p>\n","protected":false},"author":1,"featured_media":0,"parent":0,"menu_order":0,"comment_status":"closed","ping_status":"closed","template":"","meta":{"_acf_changed":false,"_genesis_hide_title":false,"_genesis_hide_breadcrumbs":false,"_genesis_hide_singular_image":false,"_genesis_hide_footer_widgets":false,"_genesis_custom_body_class":"","_genesis_custom_post_class":"","_genesis_layout":"","footnotes":""},"class_list":{"1":"page","2":"type-page","5":"entry"},"yoast_head":"<!-- This site is optimized with the Yoast SEO plugin v27.4 - https:\/\/yoast.com\/product\/yoast-seo-wordpress\/ -->\n<title>Tarifs - Farmers&#039; Bank of Rustico &amp; Doucet House Museums<\/title>\n<meta name=\"robots\" content=\"index, follow, max-snippet:-1, max-image-preview:large, max-video-preview:-1\" \/>\n<link rel=\"canonical\" href=\"https:\/\/farmersbank.ca\/fr\/rates\/\" \/>\n<meta property=\"og:locale\" content=\"fr_FR\" \/>\n<meta property=\"og:type\" content=\"article\" \/>\n<meta property=\"og:title\" content=\"Tarifs - Farmers&#039; Bank of Rustico &amp; Doucet House Museums\" \/>\n<meta property=\"og:description\" content=\"DATES D\u2019OUVERTURE Du 16 juin au 13 septembre 2026 Mardi \u00e0 samedi&nbsp;: De 10&nbsp;h&nbsp;\u00e0 17&nbsp;hDimanche&nbsp;: De 11&nbsp;h&nbsp;\u00e0 17&nbsp;hLundi&nbsp;: Ferm\u00e9 Visites hors saison sur demande, appelez le 902-628-3131 *Repas exp\u00e9rientiels dans la Maison Doucet PRIX D\u2019ENTR\u00c9E Adultes&nbsp;: 9&nbsp;$ A\u00een\u00e9s&nbsp;: 8&nbsp;$Famille&nbsp;: 23&nbsp;$ (2 adultes, 2 jeunes)Jeunes (13 \u00e0 17 ans)&nbsp;: 5&nbsp;$Enfants de 12 ans et moins&nbsp;: GratuitTaxes &hellip;\" \/>\n<meta property=\"og:url\" content=\"https:\/\/farmersbank.ca\/fr\/rates\/\" \/>\n<meta property=\"og:site_name\" content=\"Farmers&#039; Bank of Rustico &amp; Doucet House Museums\" \/>\n<meta property=\"article:publisher\" content=\"https:\/\/www.facebook.com\/farmers.rustico\" \/>\n<meta property=\"article:modified_time\" content=\"2026-02-10T15:02:31+00:00\" \/>\n<meta name=\"twitter:card\" content=\"summary_large_image\" \/>\n<meta name=\"twitter:site\" content=\"@farmersbankpei\" \/>\n<meta name=\"twitter:label1\" content=\"Dur\u00e9e de lecture estim\u00e9e\" \/>\n\t<meta name=\"twitter:data1\" content=\"1 minute\" \/>\n<script type=\"application\/ld+json\" class=\"yoast-schema-graph\">{\"@context\":\"https:\\\/\\\/schema.org\",\"@graph\":[{\"@type\":\"WebPage\",\"@id\":\"https:\\\/\\\/farmersbank.ca\\\/fr\\\/rates\\\/\",\"url\":\"https:\\\/\\\/farmersbank.ca\\\/fr\\\/rates\\\/\",\"name\":\"Tarifs - Farmers&#039; Bank of Rustico &amp; Doucet House Museums\",\"isPartOf\":{\"@id\":\"https:\\\/\\\/farmersbank.ca\\\/#website\"},\"datePublished\":\"2023-01-23T21:18:11+00:00\",\"dateModified\":\"2026-02-10T15:02:31+00:00\",\"breadcrumb\":{\"@id\":\"https:\\\/\\\/farmersbank.ca\\\/fr\\\/rates\\\/#breadcrumb\"},\"inLanguage\":\"fr-FR\",\"potentialAction\":[{\"@type\":\"ReadAction\",\"target\":[\"https:\\\/\\\/farmersbank.ca\\\/fr\\\/rates\\\/\"]}]},{\"@type\":\"BreadcrumbList\",\"@id\":\"https:\\\/\\\/farmersbank.ca\\\/fr\\\/rates\\\/#breadcrumb\",\"itemListElement\":[{\"@type\":\"ListItem\",\"position\":1,\"name\":\"Home\",\"item\":\"https:\\\/\\\/farmersbank.ca\\\/fr\\\/\"},{\"@type\":\"ListItem\",\"position\":2,\"name\":\"Tarifs\"}]},{\"@type\":\"WebSite\",\"@id\":\"https:\\\/\\\/farmersbank.ca\\\/#website\",\"url\":\"https:\\\/\\\/farmersbank.ca\\\/\",\"name\":\"Farmers Bank of Rustico & Doucet House Museums\",\"description\":\"North Rustico, Prince Edward Island\",\"publisher\":{\"@id\":\"https:\\\/\\\/farmersbank.ca\\\/#organization\"},\"potentialAction\":[{\"@type\":\"SearchAction\",\"target\":{\"@type\":\"EntryPoint\",\"urlTemplate\":\"https:\\\/\\\/farmersbank.ca\\\/?s={search_term_string}\"},\"query-input\":{\"@type\":\"PropertyValueSpecification\",\"valueRequired\":true,\"valueName\":\"search_term_string\"}}],\"inLanguage\":\"fr-FR\"},{\"@type\":\"Organization\",\"@id\":\"https:\\\/\\\/farmersbank.ca\\\/#organization\",\"name\":\"Farmers Bank of Rustico & Doucet House Museums\",\"url\":\"https:\\\/\\\/farmersbank.ca\\\/\",\"logo\":{\"@type\":\"ImageObject\",\"inLanguage\":\"fr-FR\",\"@id\":\"https:\\\/\\\/farmersbank.ca\\\/#\\\/schema\\\/logo\\\/image\\\/\",\"url\":\"https:\\\/\\\/farmersbank.ca\\\/wp-content\\\/uploads\\\/2023\\\/02\\\/SEO-Farmers-Bank-Doucet-House-logo-en.jpg\",\"contentUrl\":\"https:\\\/\\\/farmersbank.ca\\\/wp-content\\\/uploads\\\/2023\\\/02\\\/SEO-Farmers-Bank-Doucet-House-logo-en.jpg\",\"width\":690,\"height\":690,\"caption\":\"Farmers Bank of Rustico & Doucet House Museums\"},\"image\":{\"@id\":\"https:\\\/\\\/farmersbank.ca\\\/#\\\/schema\\\/logo\\\/image\\\/\"},\"sameAs\":[\"https:\\\/\\\/www.facebook.com\\\/farmers.rustico\",\"https:\\\/\\\/x.com\\\/farmersbankpei\",\"https:\\\/\\\/www.instagram.com\\\/farmersbankpei\\\/\"]}]}<\/script>\n<!-- \/ Yoast SEO plugin. -->","yoast_head_json":{"title":"Tarifs - Farmers&#039; Bank of Rustico &amp; Doucet House Museums","robots":{"index":"index","follow":"follow","max-snippet":"max-snippet:-1","max-image-preview":"max-image-preview:large","max-video-preview":"max-video-preview:-1"},"canonical":"https:\/\/farmersbank.ca\/fr\/rates\/","og_locale":"fr_FR","og_type":"article","og_title":"Tarifs - Farmers&#039; Bank of Rustico &amp; Doucet House Museums","og_description":"DATES D\u2019OUVERTURE Du 16 juin au 13 septembre 2026 Mardi \u00e0 samedi&nbsp;: De 10&nbsp;h&nbsp;\u00e0 17&nbsp;hDimanche&nbsp;: De 11&nbsp;h&nbsp;\u00e0 17&nbsp;hLundi&nbsp;: Ferm\u00e9 Visites hors saison sur demande, appelez le 902-628-3131 *Repas exp\u00e9rientiels dans la Maison Doucet PRIX D\u2019ENTR\u00c9E Adultes&nbsp;: 9&nbsp;$ A\u00een\u00e9s&nbsp;: 8&nbsp;$Famille&nbsp;: 23&nbsp;$ (2 adultes, 2 jeunes)Jeunes (13 \u00e0 17 ans)&nbsp;: 5&nbsp;$Enfants de 12 ans et moins&nbsp;: GratuitTaxes &hellip;","og_url":"https:\/\/farmersbank.ca\/fr\/rates\/","og_site_name":"Farmers&#039; Bank of Rustico &amp; Doucet House Museums","article_publisher":"https:\/\/www.facebook.com\/farmers.rustico","article_modified_time":"2026-02-10T15:02:31+00:00","twitter_card":"summary_large_image","twitter_site":"@farmersbankpei","twitter_misc":{"Dur\u00e9e de lecture estim\u00e9e":"1 minute"},"schema":{"@context":"https:\/\/schema.org","@graph":[{"@type":"WebPage","@id":"https:\/\/farmersbank.ca\/fr\/rates\/","url":"https:\/\/farmersbank.ca\/fr\/rates\/","name":"Tarifs - Farmers&#039; Bank of Rustico &amp; Doucet House Museums","isPartOf":{"@id":"https:\/\/farmersbank.ca\/#website"},"datePublished":"2023-01-23T21:18:11+00:00","dateModified":"2026-02-10T15:02:31+00:00","breadcrumb":{"@id":"https:\/\/farmersbank.ca\/fr\/rates\/#breadcrumb"},"inLanguage":"fr-FR","potentialAction":[{"@type":"ReadAction","target":["https:\/\/farmersbank.ca\/fr\/rates\/"]}]},{"@type":"BreadcrumbList","@id":"https:\/\/farmersbank.ca\/fr\/rates\/#breadcrumb","itemListElement":[{"@type":"ListItem","position":1,"name":"Home","item":"https:\/\/farmersbank.ca\/fr\/"},{"@type":"ListItem","position":2,"name":"Tarifs"}]},{"@type":"WebSite","@id":"https:\/\/farmersbank.ca\/#website","url":"https:\/\/farmersbank.ca\/","name":"Farmers Bank of Rustico & Doucet House Museums","description":"North Rustico, Prince Edward Island","publisher":{"@id":"https:\/\/farmersbank.ca\/#organization"},"potentialAction":[{"@type":"SearchAction","target":{"@type":"EntryPoint","urlTemplate":"https:\/\/farmersbank.ca\/?s={search_term_string}"},"query-input":{"@type":"PropertyValueSpecification","valueRequired":true,"valueName":"search_term_string"}}],"inLanguage":"fr-FR"},{"@type":"Organization","@id":"https:\/\/farmersbank.ca\/#organization","name":"Farmers Bank of Rustico & Doucet House Museums","url":"https:\/\/farmersbank.ca\/","logo":{"@type":"ImageObject","inLanguage":"fr-FR","@id":"https:\/\/farmersbank.ca\/#\/schema\/logo\/image\/","url":"https:\/\/farmersbank.ca\/wp-content\/uploads\/2023\/02\/SEO-Farmers-Bank-Doucet-House-logo-en.jpg","contentUrl":"https:\/\/farmersbank.ca\/wp-content\/uploads\/2023\/02\/SEO-Farmers-Bank-Doucet-House-logo-en.jpg","width":690,"height":690,"caption":"Farmers Bank of Rustico & Doucet House Museums"},"image":{"@id":"https:\/\/farmersbank.ca\/#\/schema\/logo\/image\/"},"sameAs":["https:\/\/www.facebook.com\/farmers.rustico","https:\/\/x.com\/farmersbankpei","https:\/\/www.instagram.com\/farmersbankpei\/"]}]}},"acf":[],"jetpack_sharing_enabled":true,"_links":{"self":[{"href":"https:\/\/farmersbank.ca\/fr\/wp-json\/wp\/v2\/pages\/2736","targetHints":{"allow":["GET"]}}],"collection":[{"href":"https:\/\/farmersbank.ca\/fr\/wp-json\/wp\/v2\/pages"}],"about":[{"href":"https:\/\/farmersbank.ca\/fr\/wp-json\/wp\/v2\/types\/page"}],"author":[{"embeddable":true,"href":"https:\/\/farmersbank.ca\/fr\/wp-json\/wp\/v2\/users\/1"}],"replies":[{"embeddable":true,"href":"https:\/\/farmersbank.ca\/fr\/wp-json\/wp\/v2\/comments?post=2736"}],"version-history":[{"count":5,"href":"https:\/\/farmersbank.ca\/fr\/wp-json\/wp\/v2\/pages\/2736\/revisions"}],"predecessor-version":[{"id":3759,"href":"https:\/\/farmersbank.ca\/fr\/wp-json\/wp\/v2\/pages\/2736\/revisions\/3759"}],"wp:attachment":[{"href":"https:\/\/farmersbank.ca\/fr\/wp-json\/wp\/v2\/media?parent=2736"}],"curies":[{"name":"wp","href":"https:\/\/api.w.org\/{rel}","templated":true}]}}