{"id":2782,"date":"2023-02-14T14:50:15","date_gmt":"2023-02-14T18:50:15","guid":{"rendered":"https:\/\/farmersbank.ca\/privacy-policy\/"},"modified":"2023-03-19T14:57:19","modified_gmt":"2023-03-19T17:57:19","slug":"privacy-policy","status":"publish","type":"page","link":"https:\/\/farmersbank.ca\/fr\/privacy-policy\/","title":{"rendered":"<strong>Politique de confidentialit\u00e9<\/strong>"},"content":{"rendered":"\n<h2 class=\"wp-block-heading\"><strong>Qui nous sommes<\/strong><\/h2>\n\n\n\n<p>Voici notre site Web\u00a0: https:\/\/farmersbank.ca.<\/p>\n\n\n\n<h2 class=\"wp-block-heading\"><strong>Commentaires<\/strong><\/h2>\n\n\n\n<p>Lorsque les internautes laissent un commentaire sur le site, les donn\u00e9es visibles dans la section des commentaires, l\u2019adresse IP de l\u2019internaute et la cha\u00eene d\u2019agent utilisateur du navigateur sont recueillies afin de d\u00e9tecter les messages ind\u00e9sirables.<\/p>\n\n\n\n<p>Une cha\u00eene anonyme cr\u00e9\u00e9e \u00e0 partir de votre adresse courriel (\u00e9galement appel\u00e9e hachage) peut \u00eatre fournie au service Gravatar pour savoir si vous l\u2019utilisez. Vous pouvez consulter la politique de confidentialit\u00e9 du service Gravatar ici\u00a0: https:\/\/automattic.com\/privacy\/. Une fois votre commentaire approuv\u00e9, votre photo de profil est rattach\u00e9e \u00e0 votre commentaire.<\/p>\n\n\n\n<h2 class=\"wp-block-heading\"><strong>M\u00e9dias<\/strong><\/h2>\n\n\n\n<p>Si vous t\u00e9l\u00e9chargez des images sur le site Web, vous devez \u00e9viter de t\u00e9l\u00e9charger des images avec des donn\u00e9es de localisation int\u00e9gr\u00e9es (EXIF GPS) incluses. Les visiteurs du site Web peuvent t\u00e9l\u00e9charger et extraire toutes les donn\u00e9es de localisation \u00e0 partir d\u2019images trouv\u00e9es sur le site Web.<\/p>\n\n\n\n<h2 class=\"wp-block-heading\"><strong>T\u00e9moins<\/strong><\/h2>\n\n\n\n<p>Lorsque vous laissez un commentaire sur notre site, vous pouvez choisir de sauvegarder votre nom, adresse courriel et site Web dans les t\u00e9moins. Cela vous assure un meilleur confort de navigation et vous \u00e9vite d\u2019avoir \u00e0 remplir les m\u00eames informations lorsque vous laissez un nouveau commentaire. Ces t\u00e9moins sont conserv\u00e9s un an.<\/p>\n\n\n\n<p>Si vous visitez notre page de connexion, nous installerons un t\u00e9moin temporaire pour d\u00e9terminer si votre navigateur accepte les t\u00e9moins. Ce t\u00e9moin ne contient aucune donn\u00e9e personnelle et il est supprim\u00e9 lorsque vous fermez votre navigateur.<\/p>\n\n\n\n<p>Si vous vous connectez, nous installerons \u00e9galement plusieurs t\u00e9moins pour enregistrer vos informations de connexion et vos choix d\u2019affichage \u00e0 l\u2019\u00e9cran. Les t\u00e9moins de connexion durent deux jours et ceux qui concernent les options d\u2019\u00e9cran sont conserv\u00e9s un an. Si vous s\u00e9lectionnez \u00ab Se souvenir de moi \u00bb, votre connexion persistera pendant deux semaines. Si vous vous d\u00e9connectez de votre compte, les t\u00e9moins de connexion seront supprim\u00e9s. <\/p>\n\n\n\n<p>Si vous modifiez ou publiez un article, un t\u00e9moin suppl\u00e9mentaire sera enregistr\u00e9 dans votre navigateur. Ce t\u00e9moin ne contient aucune donn\u00e9e personnelle et indique simplement l\u2019identifiant de l\u2019article que vous venez de modifier. Il expire apr\u00e8s un jour.<\/p>\n\n\n\n<h2 class=\"wp-block-heading\"><strong>Contenu provenant de sites ext\u00e9rieurs<\/strong><\/h2>\n\n\n\n<p>Certains articles sur ce site peuvent parfois inclure du contenu provenant d\u2019un autre site (par exemple, des vid\u00e9os, images, articles, etc.). Le contenu inclus sur ce site et provenant d\u2019un site ext\u00e9rieur agit comme si l\u2019internaute visitait le site ext\u00e9rieur en question.<\/p>\n\n\n\n<p>Ces autres sites peuvent recueillir vos donn\u00e9es, utiliser des t\u00e9moins, et inclure des tra\u00e7ages tiers, contr\u00f4ler vos interactions avec le contenu inclus, y compris lorsque vous avez un compte et vous \u00eates connect\u00e9 sur ce site tiers.<\/p>\n\n\n\n<h2 class=\"wp-block-heading\"><strong>Avec qui vos donn\u00e9es sont-elles partag\u00e9es?<\/strong><\/h2>\n\n\n\n<p>Si vous demandez une r\u00e9initialisation du mot de passe, votre adresse IP sera incluse dans le courriel de r\u00e9initialisation.<\/p>\n\n\n\n<h2 class=\"wp-block-heading\"><strong>Combien de temps vos donn\u00e9es sont-elles conserv\u00e9es?<\/strong><\/h2>\n\n\n\n<p>Si vous laissez un commentaire, le commentaire et ses m\u00e9tadonn\u00e9es sont conserv\u00e9s ind\u00e9finiment pour que tout nouveau commentaire additionnel puisse \u00eatre reconnu et approuv\u00e9 au lieu d\u2019aller dans une file d\u2019attente de mod\u00e9ration.<\/p>\n\n\n\n<p>Pour les utilisateurs qui s\u2019inscrivent sur notre site Web (le cas \u00e9ch\u00e9ant), nous stockons \u00e9galement les informations personnelles qu\u2019ils fournissent dans leur profil d\u2019utilisateur. Tous les utilisateurs peuvent voir, modifier ou supprimer leurs informations personnelles \u00e0 tout moment (toutefois, ils ne peuvent pas changer leur nom d\u2019utilisateur). Les administrateurs de sites Web peuvent \u00e9galement voir et modifier ces informations.<\/p>\n\n\n\n<h2 class=\"wp-block-heading\"><strong>Quels sont vos droits par rapport \u00e0 vos donn\u00e9es?<\/strong><\/h2>\n\n\n\n<p>Si vous avez un compte sur ce site, ou si vous avez laiss\u00e9 des commentaires, vous pouvez demander de recevoir un fichier export\u00e9 des donn\u00e9es personnelles que nous d\u00e9tenons \u00e0 votre sujet, y compris toutes les informations que vous nous avez fournies. Vous pouvez aussi demander d\u2019effacer toute donn\u00e9e personnelle vous concernant. Cela n\u2019inclut pas les donn\u00e9es que nous sommes dans l\u2019obligation de conserver \u00e0 des fins administratives, l\u00e9gales ou de s\u00e9curit\u00e9.<\/p>\n\n\n\n<h2 class=\"wp-block-heading\"><strong>O\u00f9 partent vos donn\u00e9es?<\/strong><\/h2>\n\n\n\n<p>Les commentaires des internautes peuvent \u00eatre v\u00e9rifi\u00e9s par un service automatique de d\u00e9tection de messages ind\u00e9sirables.<\/p>\n\n\n\n<h2 class=\"wp-block-heading\"><strong>Commerce \u00e9lectronique par l\u2019entremise de Square<\/strong><\/h2>\n\n\n\n<p>La boutique de notre site Web utilise \u00ab\u00a0Square\u00a0\u00bb pour traiter les commandes et les paiements. Veuillez consulter la <a href=\"https:\/\/squareup.com\/help\/ca\/en\/article\/3796-privacy-and-security\" target=\"_blank\" rel=\"noreferrer noopener\">Politique de confidentialit\u00e9 et de s\u00e9curit\u00e9 de Square<\/a>. <\/p>\n","protected":false},"excerpt":{"rendered":"<p>Qui nous sommes Voici notre site Web\u00a0: https:\/\/farmersbank.ca. Commentaires Lorsque les internautes laissent un commentaire sur le site, les donn\u00e9es visibles dans la section des commentaires, l\u2019adresse IP de l\u2019internaute et la cha\u00eene d\u2019agent utilisateur du navigateur sont recueillies afin de d\u00e9tecter les messages ind\u00e9sirables. Une cha\u00eene anonyme cr\u00e9\u00e9e \u00e0 partir de votre adresse courriel &hellip;<\/p>\n","protected":false},"author":1,"featured_media":0,"parent":0,"menu_order":0,"comment_status":"closed","ping_status":"closed","template":"","meta":{"_acf_changed":false,"_genesis_hide_title":false,"_genesis_hide_breadcrumbs":false,"_genesis_hide_singular_image":false,"_genesis_hide_footer_widgets":false,"_genesis_custom_body_class":"","_genesis_custom_post_class":"","_genesis_layout":"","footnotes":""},"class_list":{"1":"page","2":"type-page","5":"entry"},"yoast_head":"<!-- This site is optimized with the Yoast SEO plugin v27.4 - https:\/\/yoast.com\/product\/yoast-seo-wordpress\/ -->\n<title>Politique de confidentialit\u00e9 - Farmers&#039; Bank of Rustico &amp; Doucet House Museums<\/title>\n<meta name=\"robots\" content=\"index, follow, max-snippet:-1, max-image-preview:large, max-video-preview:-1\" \/>\n<link rel=\"canonical\" href=\"https:\/\/farmersbank.ca\/fr\/privacy-policy\/\" \/>\n<meta property=\"og:locale\" content=\"fr_FR\" \/>\n<meta property=\"og:type\" content=\"article\" \/>\n<meta property=\"og:title\" content=\"Politique de confidentialit\u00e9 - Farmers&#039; Bank of Rustico &amp; Doucet House Museums\" \/>\n<meta property=\"og:description\" content=\"Qui nous sommes Voici notre site Web\u00a0: https:\/\/farmersbank.ca. Commentaires Lorsque les internautes laissent un commentaire sur le site, les donn\u00e9es visibles dans la section des commentaires, l\u2019adresse IP de l\u2019internaute et la cha\u00eene d\u2019agent utilisateur du navigateur sont recueillies afin de d\u00e9tecter les messages ind\u00e9sirables. Une cha\u00eene anonyme cr\u00e9\u00e9e \u00e0 partir de votre adresse courriel &hellip;\" \/>\n<meta property=\"og:url\" content=\"https:\/\/farmersbank.ca\/fr\/privacy-policy\/\" \/>\n<meta property=\"og:site_name\" content=\"Farmers&#039; Bank of Rustico &amp; Doucet House Museums\" \/>\n<meta property=\"article:publisher\" content=\"https:\/\/www.facebook.com\/farmers.rustico\" \/>\n<meta property=\"article:modified_time\" content=\"2023-03-19T17:57:19+00:00\" \/>\n<meta name=\"twitter:card\" content=\"summary_large_image\" \/>\n<meta name=\"twitter:site\" content=\"@farmersbankpei\" \/>\n<meta name=\"twitter:label1\" content=\"Dur\u00e9e de lecture estim\u00e9e\" \/>\n\t<meta name=\"twitter:data1\" content=\"3 minutes\" \/>\n<script type=\"application\/ld+json\" class=\"yoast-schema-graph\">{\"@context\":\"https:\\\/\\\/schema.org\",\"@graph\":[{\"@type\":\"WebPage\",\"@id\":\"https:\\\/\\\/farmersbank.ca\\\/fr\\\/privacy-policy\\\/\",\"url\":\"https:\\\/\\\/farmersbank.ca\\\/fr\\\/privacy-policy\\\/\",\"name\":\"Politique de confidentialit\u00e9 - Farmers&#039; Bank of Rustico &amp; Doucet House Museums\",\"isPartOf\":{\"@id\":\"https:\\\/\\\/farmersbank.ca\\\/#website\"},\"datePublished\":\"2023-02-14T18:50:15+00:00\",\"dateModified\":\"2023-03-19T17:57:19+00:00\",\"breadcrumb\":{\"@id\":\"https:\\\/\\\/farmersbank.ca\\\/fr\\\/privacy-policy\\\/#breadcrumb\"},\"inLanguage\":\"fr-FR\",\"potentialAction\":[{\"@type\":\"ReadAction\",\"target\":[\"https:\\\/\\\/farmersbank.ca\\\/fr\\\/privacy-policy\\\/\"]}]},{\"@type\":\"BreadcrumbList\",\"@id\":\"https:\\\/\\\/farmersbank.ca\\\/fr\\\/privacy-policy\\\/#breadcrumb\",\"itemListElement\":[{\"@type\":\"ListItem\",\"position\":1,\"name\":\"Home\",\"item\":\"https:\\\/\\\/farmersbank.ca\\\/fr\\\/\"},{\"@type\":\"ListItem\",\"position\":2,\"name\":\"Politique de confidentialit\u00e9\"}]},{\"@type\":\"WebSite\",\"@id\":\"https:\\\/\\\/farmersbank.ca\\\/#website\",\"url\":\"https:\\\/\\\/farmersbank.ca\\\/\",\"name\":\"Farmers Bank of Rustico & Doucet House Museums\",\"description\":\"North Rustico, Prince Edward Island\",\"publisher\":{\"@id\":\"https:\\\/\\\/farmersbank.ca\\\/#organization\"},\"potentialAction\":[{\"@type\":\"SearchAction\",\"target\":{\"@type\":\"EntryPoint\",\"urlTemplate\":\"https:\\\/\\\/farmersbank.ca\\\/?s={search_term_string}\"},\"query-input\":{\"@type\":\"PropertyValueSpecification\",\"valueRequired\":true,\"valueName\":\"search_term_string\"}}],\"inLanguage\":\"fr-FR\"},{\"@type\":\"Organization\",\"@id\":\"https:\\\/\\\/farmersbank.ca\\\/#organization\",\"name\":\"Farmers Bank of Rustico & Doucet House Museums\",\"url\":\"https:\\\/\\\/farmersbank.ca\\\/\",\"logo\":{\"@type\":\"ImageObject\",\"inLanguage\":\"fr-FR\",\"@id\":\"https:\\\/\\\/farmersbank.ca\\\/#\\\/schema\\\/logo\\\/image\\\/\",\"url\":\"https:\\\/\\\/farmersbank.ca\\\/wp-content\\\/uploads\\\/2023\\\/02\\\/SEO-Farmers-Bank-Doucet-House-logo-en.jpg\",\"contentUrl\":\"https:\\\/\\\/farmersbank.ca\\\/wp-content\\\/uploads\\\/2023\\\/02\\\/SEO-Farmers-Bank-Doucet-House-logo-en.jpg\",\"width\":690,\"height\":690,\"caption\":\"Farmers Bank of Rustico & Doucet House Museums\"},\"image\":{\"@id\":\"https:\\\/\\\/farmersbank.ca\\\/#\\\/schema\\\/logo\\\/image\\\/\"},\"sameAs\":[\"https:\\\/\\\/www.facebook.com\\\/farmers.rustico\",\"https:\\\/\\\/x.com\\\/farmersbankpei\",\"https:\\\/\\\/www.instagram.com\\\/farmersbankpei\\\/\"]}]}<\/script>\n<!-- \/ Yoast SEO plugin. -->","yoast_head_json":{"title":"Politique de confidentialit\u00e9 - Farmers&#039; Bank of Rustico &amp; Doucet House Museums","robots":{"index":"index","follow":"follow","max-snippet":"max-snippet:-1","max-image-preview":"max-image-preview:large","max-video-preview":"max-video-preview:-1"},"canonical":"https:\/\/farmersbank.ca\/fr\/privacy-policy\/","og_locale":"fr_FR","og_type":"article","og_title":"Politique de confidentialit\u00e9 - Farmers&#039; Bank of Rustico &amp; Doucet House Museums","og_description":"Qui nous sommes Voici notre site Web\u00a0: https:\/\/farmersbank.ca. Commentaires Lorsque les internautes laissent un commentaire sur le site, les donn\u00e9es visibles dans la section des commentaires, l\u2019adresse IP de l\u2019internaute et la cha\u00eene d\u2019agent utilisateur du navigateur sont recueillies afin de d\u00e9tecter les messages ind\u00e9sirables. Une cha\u00eene anonyme cr\u00e9\u00e9e \u00e0 partir de votre adresse courriel &hellip;","og_url":"https:\/\/farmersbank.ca\/fr\/privacy-policy\/","og_site_name":"Farmers&#039; Bank of Rustico &amp; Doucet House Museums","article_publisher":"https:\/\/www.facebook.com\/farmers.rustico","article_modified_time":"2023-03-19T17:57:19+00:00","twitter_card":"summary_large_image","twitter_site":"@farmersbankpei","twitter_misc":{"Dur\u00e9e de lecture estim\u00e9e":"3 minutes"},"schema":{"@context":"https:\/\/schema.org","@graph":[{"@type":"WebPage","@id":"https:\/\/farmersbank.ca\/fr\/privacy-policy\/","url":"https:\/\/farmersbank.ca\/fr\/privacy-policy\/","name":"Politique de confidentialit\u00e9 - Farmers&#039; Bank of Rustico &amp; Doucet House Museums","isPartOf":{"@id":"https:\/\/farmersbank.ca\/#website"},"datePublished":"2023-02-14T18:50:15+00:00","dateModified":"2023-03-19T17:57:19+00:00","breadcrumb":{"@id":"https:\/\/farmersbank.ca\/fr\/privacy-policy\/#breadcrumb"},"inLanguage":"fr-FR","potentialAction":[{"@type":"ReadAction","target":["https:\/\/farmersbank.ca\/fr\/privacy-policy\/"]}]},{"@type":"BreadcrumbList","@id":"https:\/\/farmersbank.ca\/fr\/privacy-policy\/#breadcrumb","itemListElement":[{"@type":"ListItem","position":1,"name":"Home","item":"https:\/\/farmersbank.ca\/fr\/"},{"@type":"ListItem","position":2,"name":"Politique de confidentialit\u00e9"}]},{"@type":"WebSite","@id":"https:\/\/farmersbank.ca\/#website","url":"https:\/\/farmersbank.ca\/","name":"Farmers Bank of Rustico & Doucet House Museums","description":"North Rustico, Prince Edward Island","publisher":{"@id":"https:\/\/farmersbank.ca\/#organization"},"potentialAction":[{"@type":"SearchAction","target":{"@type":"EntryPoint","urlTemplate":"https:\/\/farmersbank.ca\/?s={search_term_string}"},"query-input":{"@type":"PropertyValueSpecification","valueRequired":true,"valueName":"search_term_string"}}],"inLanguage":"fr-FR"},{"@type":"Organization","@id":"https:\/\/farmersbank.ca\/#organization","name":"Farmers Bank of Rustico & Doucet House Museums","url":"https:\/\/farmersbank.ca\/","logo":{"@type":"ImageObject","inLanguage":"fr-FR","@id":"https:\/\/farmersbank.ca\/#\/schema\/logo\/image\/","url":"https:\/\/farmersbank.ca\/wp-content\/uploads\/2023\/02\/SEO-Farmers-Bank-Doucet-House-logo-en.jpg","contentUrl":"https:\/\/farmersbank.ca\/wp-content\/uploads\/2023\/02\/SEO-Farmers-Bank-Doucet-House-logo-en.jpg","width":690,"height":690,"caption":"Farmers Bank of Rustico & Doucet House Museums"},"image":{"@id":"https:\/\/farmersbank.ca\/#\/schema\/logo\/image\/"},"sameAs":["https:\/\/www.facebook.com\/farmers.rustico","https:\/\/x.com\/farmersbankpei","https:\/\/www.instagram.com\/farmersbankpei\/"]}]}},"acf":[],"jetpack_sharing_enabled":true,"_links":{"self":[{"href":"https:\/\/farmersbank.ca\/fr\/wp-json\/wp\/v2\/pages\/2782","targetHints":{"allow":["GET"]}}],"collection":[{"href":"https:\/\/farmersbank.ca\/fr\/wp-json\/wp\/v2\/pages"}],"about":[{"href":"https:\/\/farmersbank.ca\/fr\/wp-json\/wp\/v2\/types\/page"}],"author":[{"embeddable":true,"href":"https:\/\/farmersbank.ca\/fr\/wp-json\/wp\/v2\/users\/1"}],"replies":[{"embeddable":true,"href":"https:\/\/farmersbank.ca\/fr\/wp-json\/wp\/v2\/comments?post=2782"}],"version-history":[{"count":1,"href":"https:\/\/farmersbank.ca\/fr\/wp-json\/wp\/v2\/pages\/2782\/revisions"}],"predecessor-version":[{"id":2784,"href":"https:\/\/farmersbank.ca\/fr\/wp-json\/wp\/v2\/pages\/2782\/revisions\/2784"}],"wp:attachment":[{"href":"https:\/\/farmersbank.ca\/fr\/wp-json\/wp\/v2\/media?parent=2782"}],"curies":[{"name":"wp","href":"https:\/\/api.w.org\/{rel}","templated":true}]}}