{"id":2749,"date":"2022-09-21T13:11:56","date_gmt":"2022-09-21T16:11:56","guid":{"rendered":"https:\/\/farmersbank.ca\/product\/acadian-blanket\/"},"modified":"2026-04-18T22:48:36","modified_gmt":"2026-04-19T01:48:36","slug":"couverture-acadienne","status":"publish","type":"product","link":"https:\/\/farmersbank.ca\/fr\/produit\/couverture-acadienne\/","title":{"rendered":"Couverture acadienne"},"content":{"rendered":"<p>Queen 193\u00a0cm x 264\u00a0cm<\/p>\n<p>Couverture de laine pure \u00e0 100\u00a0% dans les couleurs (2 ensembles de rayures) du drapeau acadien. Fabriqu\u00e9e localement par MacAusland\u2019s Woolen Mills dans l\u2019ouest de l\u2019\u00cele-du-Prince-\u00c9douard. Produit traditionnel de haute qualit\u00e9.<\/p>\n","protected":false},"excerpt":{"rendered":"<p>Queen 193\u00a0cm x 264\u00a0cm Couverture de laine pure \u00e0 100\u00a0% dans les couleurs (2 ensembles de rayures) du drapeau acadien. Fabriqu\u00e9e localement par MacAusland\u2019s Woolen Mills dans l\u2019ouest de l\u2019\u00cele-du-Prince-\u00c9douard. Produit traditionnel de haute qualit\u00e9.<\/p>\n","protected":false},"featured_media":2558,"template":"","meta":{"_acf_changed":false,"_genesis_hide_title":false,"_genesis_hide_breadcrumbs":false,"_genesis_hide_singular_image":false,"_genesis_hide_footer_widgets":false,"_genesis_custom_body_class":"","_genesis_custom_post_class":"","_genesis_layout":""},"product_brand":[],"product_cat":[45],"product_tag":[],"class_list":{"1":"product","2":"type-product","6":"product_cat-couvertures","7":"entry","9":"first","10":"instock","11":"taxable","12":"shipping-taxable","13":"purchasable","14":"product-type-simple"},"yoast_head":"<!-- This site is optimized with the Yoast SEO plugin v27.3 - https:\/\/yoast.com\/product\/yoast-seo-wordpress\/ -->\n<title>Couverture acadienne - Farmers&#039; Bank of Rustico &amp; Doucet House Museums<\/title>\n<meta name=\"robots\" content=\"index, follow, max-snippet:-1, max-image-preview:large, max-video-preview:-1\" \/>\n<link rel=\"canonical\" href=\"https:\/\/farmersbank.ca\/product\/acadian-blanket\/\" \/>\n<meta property=\"og:locale\" content=\"fr_FR\" \/>\n<meta property=\"og:type\" content=\"article\" \/>\n<meta property=\"og:title\" content=\"Couverture acadienne - Farmers&#039; Bank of Rustico &amp; Doucet House Museums\" \/>\n<meta property=\"og:description\" content=\"Queen 193\u00a0cm x 264\u00a0cm Couverture de laine pure \u00e0 100\u00a0% dans les couleurs (2 ensembles de rayures) du drapeau acadien. Fabriqu\u00e9e localement par MacAusland\u2019s Woolen Mills dans l\u2019ouest de l\u2019\u00cele-du-Prince-\u00c9douard. Produit traditionnel de haute qualit\u00e9.\" \/>\n<meta property=\"og:url\" content=\"https:\/\/farmersbank.ca\/product\/acadian-blanket\/\" \/>\n<meta property=\"og:site_name\" content=\"Farmers&#039; Bank of Rustico &amp; Doucet House Museums\" \/>\n<meta property=\"article:publisher\" content=\"https:\/\/www.facebook.com\/farmers.rustico\" \/>\n<meta property=\"article:modified_time\" content=\"2026-04-19T01:48:36+00:00\" \/>\n<meta property=\"og:image\" content=\"https:\/\/farmersbank.ca\/wp-content\/uploads\/2022\/09\/Acadian-Blanket-on-Bed-in-doucet-House.jpg\" \/>\n\t<meta property=\"og:image:width\" content=\"1280\" \/>\n\t<meta property=\"og:image:height\" content=\"853\" \/>\n\t<meta property=\"og:image:type\" content=\"image\/jpeg\" \/>\n<meta name=\"twitter:card\" content=\"summary_large_image\" \/>\n<meta name=\"twitter:site\" content=\"@farmersbankpei\" \/>\n<meta name=\"twitter:label1\" content=\"Dur\u00e9e de lecture estim\u00e9e\" \/>\n\t<meta name=\"twitter:data1\" content=\"1 minute\" \/>\n<script type=\"application\/ld+json\" class=\"yoast-schema-graph\">{\"@context\":\"https:\\\/\\\/schema.org\",\"@graph\":[{\"@type\":\"WebPage\",\"@id\":\"https:\\\/\\\/farmersbank.ca\\\/product\\\/acadian-blanket\\\/\",\"url\":\"https:\\\/\\\/farmersbank.ca\\\/product\\\/acadian-blanket\\\/\",\"name\":\"Couverture acadienne - Farmers&#039; Bank of Rustico &amp; Doucet House Museums\",\"isPartOf\":{\"@id\":\"https:\\\/\\\/farmersbank.ca\\\/#website\"},\"primaryImageOfPage\":{\"@id\":\"https:\\\/\\\/farmersbank.ca\\\/product\\\/acadian-blanket\\\/#primaryimage\"},\"image\":{\"@id\":\"https:\\\/\\\/farmersbank.ca\\\/product\\\/acadian-blanket\\\/#primaryimage\"},\"thumbnailUrl\":\"https:\\\/\\\/farmersbank.ca\\\/wp-content\\\/uploads\\\/2022\\\/09\\\/Acadian-Blanket-on-Bed-in-doucet-House.jpg\",\"datePublished\":\"2022-09-21T16:11:56+00:00\",\"dateModified\":\"2026-04-19T01:48:36+00:00\",\"breadcrumb\":{\"@id\":\"https:\\\/\\\/farmersbank.ca\\\/product\\\/acadian-blanket\\\/#breadcrumb\"},\"inLanguage\":\"fr-FR\",\"potentialAction\":[{\"@type\":\"ReadAction\",\"target\":[\"https:\\\/\\\/farmersbank.ca\\\/product\\\/acadian-blanket\\\/\"]}]},{\"@type\":\"ImageObject\",\"inLanguage\":\"fr-FR\",\"@id\":\"https:\\\/\\\/farmersbank.ca\\\/product\\\/acadian-blanket\\\/#primaryimage\",\"url\":\"https:\\\/\\\/farmersbank.ca\\\/wp-content\\\/uploads\\\/2022\\\/09\\\/Acadian-Blanket-on-Bed-in-doucet-House.jpg\",\"contentUrl\":\"https:\\\/\\\/farmersbank.ca\\\/wp-content\\\/uploads\\\/2022\\\/09\\\/Acadian-Blanket-on-Bed-in-doucet-House.jpg\",\"width\":1280,\"height\":853},{\"@type\":\"BreadcrumbList\",\"@id\":\"https:\\\/\\\/farmersbank.ca\\\/product\\\/acadian-blanket\\\/#breadcrumb\",\"itemListElement\":[{\"@type\":\"ListItem\",\"position\":1,\"name\":\"Home\",\"item\":\"https:\\\/\\\/farmersbank.ca\\\/fr\\\/\"},{\"@type\":\"ListItem\",\"position\":2,\"name\":\"Boutique\",\"item\":\"https:\\\/\\\/farmersbank.ca\\\/fr\\\/shop\\\/\"},{\"@type\":\"ListItem\",\"position\":3,\"name\":\"Couverture acadienne\"}]},{\"@type\":\"WebSite\",\"@id\":\"https:\\\/\\\/farmersbank.ca\\\/#website\",\"url\":\"https:\\\/\\\/farmersbank.ca\\\/\",\"name\":\"Farmers Bank of Rustico & Doucet House Museums\",\"description\":\"North Rustico, Prince Edward Island\",\"publisher\":{\"@id\":\"https:\\\/\\\/farmersbank.ca\\\/#organization\"},\"potentialAction\":[{\"@type\":\"SearchAction\",\"target\":{\"@type\":\"EntryPoint\",\"urlTemplate\":\"https:\\\/\\\/farmersbank.ca\\\/?s={search_term_string}\"},\"query-input\":{\"@type\":\"PropertyValueSpecification\",\"valueRequired\":true,\"valueName\":\"search_term_string\"}}],\"inLanguage\":\"fr-FR\"},{\"@type\":\"Organization\",\"@id\":\"https:\\\/\\\/farmersbank.ca\\\/#organization\",\"name\":\"Farmers Bank of Rustico & Doucet House Museums\",\"url\":\"https:\\\/\\\/farmersbank.ca\\\/\",\"logo\":{\"@type\":\"ImageObject\",\"inLanguage\":\"fr-FR\",\"@id\":\"https:\\\/\\\/farmersbank.ca\\\/#\\\/schema\\\/logo\\\/image\\\/\",\"url\":\"https:\\\/\\\/farmersbank.ca\\\/wp-content\\\/uploads\\\/2023\\\/02\\\/SEO-Farmers-Bank-Doucet-House-logo-en.jpg\",\"contentUrl\":\"https:\\\/\\\/farmersbank.ca\\\/wp-content\\\/uploads\\\/2023\\\/02\\\/SEO-Farmers-Bank-Doucet-House-logo-en.jpg\",\"width\":690,\"height\":690,\"caption\":\"Farmers Bank of Rustico & Doucet House Museums\"},\"image\":{\"@id\":\"https:\\\/\\\/farmersbank.ca\\\/#\\\/schema\\\/logo\\\/image\\\/\"},\"sameAs\":[\"https:\\\/\\\/www.facebook.com\\\/farmers.rustico\",\"https:\\\/\\\/x.com\\\/farmersbankpei\",\"https:\\\/\\\/www.instagram.com\\\/farmersbankpei\\\/\"]}]}<\/script>\n<!-- \/ Yoast SEO plugin. -->","yoast_head_json":{"title":"Couverture acadienne - Farmers&#039; Bank of Rustico &amp; Doucet House Museums","robots":{"index":"index","follow":"follow","max-snippet":"max-snippet:-1","max-image-preview":"max-image-preview:large","max-video-preview":"max-video-preview:-1"},"canonical":"https:\/\/farmersbank.ca\/product\/acadian-blanket\/","og_locale":"fr_FR","og_type":"article","og_title":"Couverture acadienne - Farmers&#039; Bank of Rustico &amp; Doucet House Museums","og_description":"Queen 193\u00a0cm x 264\u00a0cm Couverture de laine pure \u00e0 100\u00a0% dans les couleurs (2 ensembles de rayures) du drapeau acadien. Fabriqu\u00e9e localement par MacAusland\u2019s Woolen Mills dans l\u2019ouest de l\u2019\u00cele-du-Prince-\u00c9douard. Produit traditionnel de haute qualit\u00e9.","og_url":"https:\/\/farmersbank.ca\/product\/acadian-blanket\/","og_site_name":"Farmers&#039; Bank of Rustico &amp; Doucet House Museums","article_publisher":"https:\/\/www.facebook.com\/farmers.rustico","article_modified_time":"2026-04-19T01:48:36+00:00","og_image":[{"width":1280,"height":853,"url":"https:\/\/farmersbank.ca\/wp-content\/uploads\/2022\/09\/Acadian-Blanket-on-Bed-in-doucet-House.jpg","type":"image\/jpeg"}],"twitter_card":"summary_large_image","twitter_site":"@farmersbankpei","twitter_misc":{"Dur\u00e9e de lecture estim\u00e9e":"1 minute"},"schema":{"@context":"https:\/\/schema.org","@graph":[{"@type":"WebPage","@id":"https:\/\/farmersbank.ca\/product\/acadian-blanket\/","url":"https:\/\/farmersbank.ca\/product\/acadian-blanket\/","name":"Couverture acadienne - Farmers&#039; Bank of Rustico &amp; Doucet House Museums","isPartOf":{"@id":"https:\/\/farmersbank.ca\/#website"},"primaryImageOfPage":{"@id":"https:\/\/farmersbank.ca\/product\/acadian-blanket\/#primaryimage"},"image":{"@id":"https:\/\/farmersbank.ca\/product\/acadian-blanket\/#primaryimage"},"thumbnailUrl":"https:\/\/farmersbank.ca\/wp-content\/uploads\/2022\/09\/Acadian-Blanket-on-Bed-in-doucet-House.jpg","datePublished":"2022-09-21T16:11:56+00:00","dateModified":"2026-04-19T01:48:36+00:00","breadcrumb":{"@id":"https:\/\/farmersbank.ca\/product\/acadian-blanket\/#breadcrumb"},"inLanguage":"fr-FR","potentialAction":[{"@type":"ReadAction","target":["https:\/\/farmersbank.ca\/product\/acadian-blanket\/"]}]},{"@type":"ImageObject","inLanguage":"fr-FR","@id":"https:\/\/farmersbank.ca\/product\/acadian-blanket\/#primaryimage","url":"https:\/\/farmersbank.ca\/wp-content\/uploads\/2022\/09\/Acadian-Blanket-on-Bed-in-doucet-House.jpg","contentUrl":"https:\/\/farmersbank.ca\/wp-content\/uploads\/2022\/09\/Acadian-Blanket-on-Bed-in-doucet-House.jpg","width":1280,"height":853},{"@type":"BreadcrumbList","@id":"https:\/\/farmersbank.ca\/product\/acadian-blanket\/#breadcrumb","itemListElement":[{"@type":"ListItem","position":1,"name":"Home","item":"https:\/\/farmersbank.ca\/fr\/"},{"@type":"ListItem","position":2,"name":"Boutique","item":"https:\/\/farmersbank.ca\/fr\/shop\/"},{"@type":"ListItem","position":3,"name":"Couverture acadienne"}]},{"@type":"WebSite","@id":"https:\/\/farmersbank.ca\/#website","url":"https:\/\/farmersbank.ca\/","name":"Farmers Bank of Rustico & Doucet House Museums","description":"North Rustico, Prince Edward Island","publisher":{"@id":"https:\/\/farmersbank.ca\/#organization"},"potentialAction":[{"@type":"SearchAction","target":{"@type":"EntryPoint","urlTemplate":"https:\/\/farmersbank.ca\/?s={search_term_string}"},"query-input":{"@type":"PropertyValueSpecification","valueRequired":true,"valueName":"search_term_string"}}],"inLanguage":"fr-FR"},{"@type":"Organization","@id":"https:\/\/farmersbank.ca\/#organization","name":"Farmers Bank of Rustico & Doucet House Museums","url":"https:\/\/farmersbank.ca\/","logo":{"@type":"ImageObject","inLanguage":"fr-FR","@id":"https:\/\/farmersbank.ca\/#\/schema\/logo\/image\/","url":"https:\/\/farmersbank.ca\/wp-content\/uploads\/2023\/02\/SEO-Farmers-Bank-Doucet-House-logo-en.jpg","contentUrl":"https:\/\/farmersbank.ca\/wp-content\/uploads\/2023\/02\/SEO-Farmers-Bank-Doucet-House-logo-en.jpg","width":690,"height":690,"caption":"Farmers Bank of Rustico & Doucet House Museums"},"image":{"@id":"https:\/\/farmersbank.ca\/#\/schema\/logo\/image\/"},"sameAs":["https:\/\/www.facebook.com\/farmers.rustico","https:\/\/x.com\/farmersbankpei","https:\/\/www.instagram.com\/farmersbankpei\/"]}]}},"acf":[],"jetpack_sharing_enabled":true,"_links":{"self":[{"href":"https:\/\/farmersbank.ca\/fr\/wp-json\/wp\/v2\/product\/2749","targetHints":{"allow":["GET"]}}],"collection":[{"href":"https:\/\/farmersbank.ca\/fr\/wp-json\/wp\/v2\/product"}],"about":[{"href":"https:\/\/farmersbank.ca\/fr\/wp-json\/wp\/v2\/types\/product"}],"wp:featuredmedia":[{"embeddable":true,"href":"https:\/\/farmersbank.ca\/fr\/wp-json\/wp\/v2\/media\/2558"}],"wp:attachment":[{"href":"https:\/\/farmersbank.ca\/fr\/wp-json\/wp\/v2\/media?parent=2749"}],"wp:term":[{"taxonomy":"product_brand","embeddable":true,"href":"https:\/\/farmersbank.ca\/fr\/wp-json\/wp\/v2\/product_brand?post=2749"},{"taxonomy":"product_cat","embeddable":true,"href":"https:\/\/farmersbank.ca\/fr\/wp-json\/wp\/v2\/product_cat?post=2749"},{"taxonomy":"product_tag","embeddable":true,"href":"https:\/\/farmersbank.ca\/fr\/wp-json\/wp\/v2\/product_tag?post=2749"}],"curies":[{"name":"wp","href":"https:\/\/api.w.org\/{rel}","templated":true}]}}