{"id":2754,"date":"2023-02-10T13:32:14","date_gmt":"2023-02-10T17:32:14","guid":{"rendered":"https:\/\/farmersbank.ca\/product\/from-humble-beginnings-history-of-the-credit-union-movement-on-p-e-i-1936-2016\/"},"modified":"2026-04-18T20:09:26","modified_gmt":"2026-04-18T23:09:26","slug":"from-humble-beginnings-history-of-the-credit-union-movement-on-p-e-i-1936-2016","status":"publish","type":"product","link":"https:\/\/farmersbank.ca\/fr\/produit\/from-humble-beginnings-history-of-the-credit-union-movement-on-p-e-i-1936-2016\/","title":{"rendered":"From Humble Beginnings: History of the Credit Union Movement on P.E.I. 1936-2016"},"content":{"rendered":"<p><strong>Livre de D Scott MacDonald. Publi\u00e9 en 2017.<\/strong><br \/>\n\u00ab Ce livre retrace l\u2019histoire des caisses populaires de l\u2019\u00cele-du-Prince-\u00c9douard au cours des quatre-vingts derni\u00e8res ann\u00e9es. Il pr\u00e9sente l\u2019histoire des soixante-quinze caisses populaires diff\u00e9rentes et uniques qui ont \u00e9t\u00e9 constitu\u00e9es jusqu\u2019\u00e0 nos jours. Aujourd\u2019hui, il existe encore sept caisses populaires qui op\u00e8rent dans la province, en raison de leur succ\u00e8s gr\u00e2ce aux humbles d\u00e9buts et au d\u00e9vouement de nombreux pionniers du mouvement. Remplie de photos historiques et actuelles, cette histoire raconte les effets des caisses populaires sur leur communaut\u00e9 et l\u2019importance de ce mouvement par rapport \u00e0 la colonisation de l\u2019\u00cele \u00bb.<\/p>\n","protected":false},"excerpt":{"rendered":"<p>From Humble Beginning, history of Credit Union Movement on PEI<\/p>\n","protected":false},"featured_media":3574,"template":"","meta":{"_acf_changed":false,"_genesis_hide_title":false,"_genesis_hide_breadcrumbs":false,"_genesis_hide_singular_image":false,"_genesis_hide_footer_widgets":false,"_genesis_custom_body_class":"","_genesis_custom_post_class":"","_genesis_layout":""},"product_brand":[],"product_cat":[46],"product_tag":[],"class_list":{"1":"product","2":"type-product","6":"product_cat-livres","7":"entry","9":"first","10":"instock","11":"taxable","12":"shipping-taxable","13":"purchasable","14":"product-type-simple"},"yoast_head":"<!-- This site is optimized with the Yoast SEO plugin v27.3 - https:\/\/yoast.com\/product\/yoast-seo-wordpress\/ -->\n<title>From Humble Beginnings: History of the Credit Union Movement on P.E.I. 1936-2016 - Farmers&#039; Bank of Rustico &amp; Doucet House Museums<\/title>\n<meta name=\"robots\" content=\"index, follow, max-snippet:-1, max-image-preview:large, max-video-preview:-1\" \/>\n<link rel=\"canonical\" href=\"https:\/\/farmersbank.ca\/fr\/produit\/from-humble-beginnings-history-of-the-credit-union-movement-on-p-e-i-1936-2016\/\" \/>\n<meta property=\"og:locale\" content=\"fr_FR\" \/>\n<meta property=\"og:type\" content=\"article\" \/>\n<meta property=\"og:title\" content=\"From Humble Beginnings: History of the Credit Union Movement on P.E.I. 1936-2016 - Farmers&#039; Bank of Rustico &amp; Doucet House Museums\" \/>\n<meta property=\"og:description\" content=\"From Humble Beginning, history of Credit Union Movement on PEI\" \/>\n<meta property=\"og:url\" content=\"https:\/\/farmersbank.ca\/fr\/produit\/from-humble-beginnings-history-of-the-credit-union-movement-on-p-e-i-1936-2016\/\" \/>\n<meta property=\"og:site_name\" content=\"Farmers&#039; Bank of Rustico &amp; Doucet House Museums\" \/>\n<meta property=\"article:publisher\" content=\"https:\/\/www.facebook.com\/farmers.rustico\" \/>\n<meta property=\"article:modified_time\" content=\"2026-04-18T23:09:26+00:00\" \/>\n<meta property=\"og:image\" content=\"https:\/\/farmersbank.ca\/wp-content\/uploads\/2023\/02\/From-Humble-Beginnings-Book.jpg\" \/>\n\t<meta property=\"og:image:width\" content=\"516\" \/>\n\t<meta property=\"og:image:height\" content=\"766\" \/>\n\t<meta property=\"og:image:type\" content=\"image\/jpeg\" \/>\n<meta name=\"twitter:card\" content=\"summary_large_image\" \/>\n<meta name=\"twitter:site\" content=\"@farmersbankpei\" \/>\n<meta name=\"twitter:label1\" content=\"Dur\u00e9e de lecture estim\u00e9e\" \/>\n\t<meta name=\"twitter:data1\" content=\"1 minute\" \/>\n<script type=\"application\/ld+json\" class=\"yoast-schema-graph\">{\"@context\":\"https:\\\/\\\/schema.org\",\"@graph\":[{\"@type\":\"WebPage\",\"@id\":\"https:\\\/\\\/farmersbank.ca\\\/fr\\\/produit\\\/from-humble-beginnings-history-of-the-credit-union-movement-on-p-e-i-1936-2016\\\/\",\"url\":\"https:\\\/\\\/farmersbank.ca\\\/fr\\\/produit\\\/from-humble-beginnings-history-of-the-credit-union-movement-on-p-e-i-1936-2016\\\/\",\"name\":\"From Humble Beginnings: History of the Credit Union Movement on P.E.I. 1936-2016 - Farmers&#039; Bank of Rustico &amp; Doucet House Museums\",\"isPartOf\":{\"@id\":\"https:\\\/\\\/farmersbank.ca\\\/#website\"},\"primaryImageOfPage\":{\"@id\":\"https:\\\/\\\/farmersbank.ca\\\/fr\\\/produit\\\/from-humble-beginnings-history-of-the-credit-union-movement-on-p-e-i-1936-2016\\\/#primaryimage\"},\"image\":{\"@id\":\"https:\\\/\\\/farmersbank.ca\\\/fr\\\/produit\\\/from-humble-beginnings-history-of-the-credit-union-movement-on-p-e-i-1936-2016\\\/#primaryimage\"},\"thumbnailUrl\":\"https:\\\/\\\/farmersbank.ca\\\/wp-content\\\/uploads\\\/2023\\\/02\\\/original-scaled.jpeg\",\"datePublished\":\"2023-02-10T17:32:14+00:00\",\"dateModified\":\"2026-04-18T23:09:26+00:00\",\"breadcrumb\":{\"@id\":\"https:\\\/\\\/farmersbank.ca\\\/fr\\\/produit\\\/from-humble-beginnings-history-of-the-credit-union-movement-on-p-e-i-1936-2016\\\/#breadcrumb\"},\"inLanguage\":\"fr-FR\",\"potentialAction\":[{\"@type\":\"ReadAction\",\"target\":[\"https:\\\/\\\/farmersbank.ca\\\/fr\\\/produit\\\/from-humble-beginnings-history-of-the-credit-union-movement-on-p-e-i-1936-2016\\\/\"]}]},{\"@type\":\"ImageObject\",\"inLanguage\":\"fr-FR\",\"@id\":\"https:\\\/\\\/farmersbank.ca\\\/fr\\\/produit\\\/from-humble-beginnings-history-of-the-credit-union-movement-on-p-e-i-1936-2016\\\/#primaryimage\",\"url\":\"https:\\\/\\\/farmersbank.ca\\\/wp-content\\\/uploads\\\/2023\\\/02\\\/original-scaled.jpeg\",\"contentUrl\":\"https:\\\/\\\/farmersbank.ca\\\/wp-content\\\/uploads\\\/2023\\\/02\\\/original-scaled.jpeg\",\"width\":1725,\"height\":2560},{\"@type\":\"BreadcrumbList\",\"@id\":\"https:\\\/\\\/farmersbank.ca\\\/fr\\\/produit\\\/from-humble-beginnings-history-of-the-credit-union-movement-on-p-e-i-1936-2016\\\/#breadcrumb\",\"itemListElement\":[{\"@type\":\"ListItem\",\"position\":1,\"name\":\"Home\",\"item\":\"https:\\\/\\\/farmersbank.ca\\\/fr\\\/\"},{\"@type\":\"ListItem\",\"position\":2,\"name\":\"Boutique\",\"item\":\"https:\\\/\\\/farmersbank.ca\\\/fr\\\/shop\\\/\"},{\"@type\":\"ListItem\",\"position\":3,\"name\":\"From Humble Beginnings: History of the Credit Union Movement on P.E.I. 1936-2016\"}]},{\"@type\":\"WebSite\",\"@id\":\"https:\\\/\\\/farmersbank.ca\\\/#website\",\"url\":\"https:\\\/\\\/farmersbank.ca\\\/\",\"name\":\"Farmers Bank of Rustico & Doucet House Museums\",\"description\":\"North Rustico, Prince Edward Island\",\"publisher\":{\"@id\":\"https:\\\/\\\/farmersbank.ca\\\/#organization\"},\"potentialAction\":[{\"@type\":\"SearchAction\",\"target\":{\"@type\":\"EntryPoint\",\"urlTemplate\":\"https:\\\/\\\/farmersbank.ca\\\/?s={search_term_string}\"},\"query-input\":{\"@type\":\"PropertyValueSpecification\",\"valueRequired\":true,\"valueName\":\"search_term_string\"}}],\"inLanguage\":\"fr-FR\"},{\"@type\":\"Organization\",\"@id\":\"https:\\\/\\\/farmersbank.ca\\\/#organization\",\"name\":\"Farmers Bank of Rustico & Doucet House Museums\",\"url\":\"https:\\\/\\\/farmersbank.ca\\\/\",\"logo\":{\"@type\":\"ImageObject\",\"inLanguage\":\"fr-FR\",\"@id\":\"https:\\\/\\\/farmersbank.ca\\\/#\\\/schema\\\/logo\\\/image\\\/\",\"url\":\"https:\\\/\\\/farmersbank.ca\\\/wp-content\\\/uploads\\\/2023\\\/02\\\/SEO-Farmers-Bank-Doucet-House-logo-en.jpg\",\"contentUrl\":\"https:\\\/\\\/farmersbank.ca\\\/wp-content\\\/uploads\\\/2023\\\/02\\\/SEO-Farmers-Bank-Doucet-House-logo-en.jpg\",\"width\":690,\"height\":690,\"caption\":\"Farmers Bank of Rustico & Doucet House Museums\"},\"image\":{\"@id\":\"https:\\\/\\\/farmersbank.ca\\\/#\\\/schema\\\/logo\\\/image\\\/\"},\"sameAs\":[\"https:\\\/\\\/www.facebook.com\\\/farmers.rustico\",\"https:\\\/\\\/x.com\\\/farmersbankpei\",\"https:\\\/\\\/www.instagram.com\\\/farmersbankpei\\\/\"]}]}<\/script>\n<!-- \/ Yoast SEO plugin. -->","yoast_head_json":{"title":"From Humble Beginnings: History of the Credit Union Movement on P.E.I. 1936-2016 - Farmers&#039; Bank of Rustico &amp; Doucet House Museums","robots":{"index":"index","follow":"follow","max-snippet":"max-snippet:-1","max-image-preview":"max-image-preview:large","max-video-preview":"max-video-preview:-1"},"canonical":"https:\/\/farmersbank.ca\/fr\/produit\/from-humble-beginnings-history-of-the-credit-union-movement-on-p-e-i-1936-2016\/","og_locale":"fr_FR","og_type":"article","og_title":"From Humble Beginnings: History of the Credit Union Movement on P.E.I. 1936-2016 - Farmers&#039; Bank of Rustico &amp; Doucet House Museums","og_description":"From Humble Beginning, history of Credit Union Movement on PEI","og_url":"https:\/\/farmersbank.ca\/fr\/produit\/from-humble-beginnings-history-of-the-credit-union-movement-on-p-e-i-1936-2016\/","og_site_name":"Farmers&#039; Bank of Rustico &amp; Doucet House Museums","article_publisher":"https:\/\/www.facebook.com\/farmers.rustico","article_modified_time":"2026-04-18T23:09:26+00:00","og_image":[{"width":516,"height":766,"url":"https:\/\/farmersbank.ca\/wp-content\/uploads\/2023\/02\/From-Humble-Beginnings-Book.jpg","type":"image\/jpeg"}],"twitter_card":"summary_large_image","twitter_site":"@farmersbankpei","twitter_misc":{"Dur\u00e9e de lecture estim\u00e9e":"1 minute"},"schema":{"@context":"https:\/\/schema.org","@graph":[{"@type":"WebPage","@id":"https:\/\/farmersbank.ca\/fr\/produit\/from-humble-beginnings-history-of-the-credit-union-movement-on-p-e-i-1936-2016\/","url":"https:\/\/farmersbank.ca\/fr\/produit\/from-humble-beginnings-history-of-the-credit-union-movement-on-p-e-i-1936-2016\/","name":"From Humble Beginnings: History of the Credit Union Movement on P.E.I. 1936-2016 - Farmers&#039; Bank of Rustico &amp; Doucet House Museums","isPartOf":{"@id":"https:\/\/farmersbank.ca\/#website"},"primaryImageOfPage":{"@id":"https:\/\/farmersbank.ca\/fr\/produit\/from-humble-beginnings-history-of-the-credit-union-movement-on-p-e-i-1936-2016\/#primaryimage"},"image":{"@id":"https:\/\/farmersbank.ca\/fr\/produit\/from-humble-beginnings-history-of-the-credit-union-movement-on-p-e-i-1936-2016\/#primaryimage"},"thumbnailUrl":"https:\/\/farmersbank.ca\/wp-content\/uploads\/2023\/02\/original-scaled.jpeg","datePublished":"2023-02-10T17:32:14+00:00","dateModified":"2026-04-18T23:09:26+00:00","breadcrumb":{"@id":"https:\/\/farmersbank.ca\/fr\/produit\/from-humble-beginnings-history-of-the-credit-union-movement-on-p-e-i-1936-2016\/#breadcrumb"},"inLanguage":"fr-FR","potentialAction":[{"@type":"ReadAction","target":["https:\/\/farmersbank.ca\/fr\/produit\/from-humble-beginnings-history-of-the-credit-union-movement-on-p-e-i-1936-2016\/"]}]},{"@type":"ImageObject","inLanguage":"fr-FR","@id":"https:\/\/farmersbank.ca\/fr\/produit\/from-humble-beginnings-history-of-the-credit-union-movement-on-p-e-i-1936-2016\/#primaryimage","url":"https:\/\/farmersbank.ca\/wp-content\/uploads\/2023\/02\/original-scaled.jpeg","contentUrl":"https:\/\/farmersbank.ca\/wp-content\/uploads\/2023\/02\/original-scaled.jpeg","width":1725,"height":2560},{"@type":"BreadcrumbList","@id":"https:\/\/farmersbank.ca\/fr\/produit\/from-humble-beginnings-history-of-the-credit-union-movement-on-p-e-i-1936-2016\/#breadcrumb","itemListElement":[{"@type":"ListItem","position":1,"name":"Home","item":"https:\/\/farmersbank.ca\/fr\/"},{"@type":"ListItem","position":2,"name":"Boutique","item":"https:\/\/farmersbank.ca\/fr\/shop\/"},{"@type":"ListItem","position":3,"name":"From Humble Beginnings: History of the Credit Union Movement on P.E.I. 1936-2016"}]},{"@type":"WebSite","@id":"https:\/\/farmersbank.ca\/#website","url":"https:\/\/farmersbank.ca\/","name":"Farmers Bank of Rustico & Doucet House Museums","description":"North Rustico, Prince Edward Island","publisher":{"@id":"https:\/\/farmersbank.ca\/#organization"},"potentialAction":[{"@type":"SearchAction","target":{"@type":"EntryPoint","urlTemplate":"https:\/\/farmersbank.ca\/?s={search_term_string}"},"query-input":{"@type":"PropertyValueSpecification","valueRequired":true,"valueName":"search_term_string"}}],"inLanguage":"fr-FR"},{"@type":"Organization","@id":"https:\/\/farmersbank.ca\/#organization","name":"Farmers Bank of Rustico & Doucet House Museums","url":"https:\/\/farmersbank.ca\/","logo":{"@type":"ImageObject","inLanguage":"fr-FR","@id":"https:\/\/farmersbank.ca\/#\/schema\/logo\/image\/","url":"https:\/\/farmersbank.ca\/wp-content\/uploads\/2023\/02\/SEO-Farmers-Bank-Doucet-House-logo-en.jpg","contentUrl":"https:\/\/farmersbank.ca\/wp-content\/uploads\/2023\/02\/SEO-Farmers-Bank-Doucet-House-logo-en.jpg","width":690,"height":690,"caption":"Farmers Bank of Rustico & Doucet House Museums"},"image":{"@id":"https:\/\/farmersbank.ca\/#\/schema\/logo\/image\/"},"sameAs":["https:\/\/www.facebook.com\/farmers.rustico","https:\/\/x.com\/farmersbankpei","https:\/\/www.instagram.com\/farmersbankpei\/"]}]}},"acf":[],"jetpack_sharing_enabled":true,"_links":{"self":[{"href":"https:\/\/farmersbank.ca\/fr\/wp-json\/wp\/v2\/product\/2754","targetHints":{"allow":["GET"]}}],"collection":[{"href":"https:\/\/farmersbank.ca\/fr\/wp-json\/wp\/v2\/product"}],"about":[{"href":"https:\/\/farmersbank.ca\/fr\/wp-json\/wp\/v2\/types\/product"}],"wp:featuredmedia":[{"embeddable":true,"href":"https:\/\/farmersbank.ca\/fr\/wp-json\/wp\/v2\/media\/3574"}],"wp:attachment":[{"href":"https:\/\/farmersbank.ca\/fr\/wp-json\/wp\/v2\/media?parent=2754"}],"wp:term":[{"taxonomy":"product_brand","embeddable":true,"href":"https:\/\/farmersbank.ca\/fr\/wp-json\/wp\/v2\/product_brand?post=2754"},{"taxonomy":"product_cat","embeddable":true,"href":"https:\/\/farmersbank.ca\/fr\/wp-json\/wp\/v2\/product_cat?post=2754"},{"taxonomy":"product_tag","embeddable":true,"href":"https:\/\/farmersbank.ca\/fr\/wp-json\/wp\/v2\/product_tag?post=2754"}],"curies":[{"name":"wp","href":"https:\/\/api.w.org\/{rel}","templated":true}]}}