{"id":3291,"date":"2023-12-11T13:56:59","date_gmt":"2023-12-11T17:56:59","guid":{"rendered":"https:\/\/farmersbank.ca\/?post_type=product&#038;p=3291"},"modified":"2023-12-11T14:12:24","modified_gmt":"2023-12-11T18:12:24","slug":"le-projet-edukit-du-pere-belcourt","status":"publish","type":"product","link":"https:\/\/farmersbank.ca\/fr\/produit\/le-projet-edukit-du-pere-belcourt\/","title":{"rendered":"Le projet EduKit du P\u00e8re Belcourt"},"content":{"rendered":"","protected":false},"excerpt":{"rendered":"<p><span lang=\"FR-CA\">Le p\u00e8re Georges-Antoine Belcourt est un homme qui a laiss\u00e9 sa marque en Acadie, en particulier \u00e0 Rustico, \u00cele-du-Prince-\u00c9douard, o\u00f9 il fut cur\u00e9 pendant 10 ans, soit de 1859 \u00e0 1869. Originaire de la province de Qu\u00e9bec, il se rend \u00e0 l\u2019\u00cele apr\u00e8s avoir \u0153uvr\u00e9 \u00e0 titre de missionnaire pendant 28 ans aupr\u00e8s des Premi\u00e8res Nations et des M\u00e9tis du Manitoba et du Dakota du Nord. Ayant un certain don pour les langues, il communique ais\u00e9ment en fran\u00e7ais, en anglais et aussi en certaines langues autochtones parl\u00e9es dans l\u2019Ouest. Le p\u00e8re Belcourt est un pr\u00eatre qui s\u2019engage \u00e0 fond dans les collectivit\u00e9s o\u00f9 il travaille, cherchant toujours \u00e0 am\u00e9liorer le sort \u00e9conomique et social de ses paroissiens. Il est un homme de vision aux nombreux talents.<\/span><\/p>\n<p><span lang=\"FR-CA\">L\u2019histoire du p\u00e8re Belcourt est c\u00e9l\u00e9br\u00e9e et partag\u00e9e gr\u00e2ce au Prix John Bragg pour le Canada atlantique \u2013 un nouveau programme de subvention qui promeut et pr\u00e9serve l\u2019histoire des leaders communautaires de la r\u00e9gion. Ce prix est rendu possible gr\u00e2ce \u00e0 la Fondation River Philip et est administr\u00e9 par la Soci\u00e9t\u00e9 d\u2019histoire nationale du Canada.<\/span><\/p>\n","protected":false},"featured_media":3281,"template":"","meta":{"_acf_changed":false,"_genesis_hide_title":false,"_genesis_hide_breadcrumbs":false,"_genesis_hide_singular_image":false,"_genesis_hide_footer_widgets":false,"_genesis_custom_body_class":"","_genesis_custom_post_class":"","_genesis_layout":""},"product_brand":[],"product_cat":[58],"product_tag":[],"class_list":{"1":"product","2":"type-product","6":"product_cat-misc-fr","7":"entry","9":"first","10":"instock","11":"taxable","12":"shipping-taxable","13":"purchasable","14":"product-type-simple"},"yoast_head":"<!-- This site is optimized with the Yoast SEO plugin v27.3 - https:\/\/yoast.com\/product\/yoast-seo-wordpress\/ -->\n<title>Le projet EduKit du P\u00e8re Belcourt - Farmers&#039; Bank of Rustico &amp; Doucet House Museums<\/title>\n<meta name=\"robots\" content=\"index, follow, max-snippet:-1, max-image-preview:large, max-video-preview:-1\" \/>\n<link rel=\"canonical\" href=\"https:\/\/farmersbank.ca\/fr\/produit\/le-projet-edukit-du-pere-belcourt\/\" \/>\n<meta property=\"og:locale\" content=\"fr_FR\" \/>\n<meta property=\"og:type\" content=\"article\" \/>\n<meta property=\"og:title\" content=\"Le projet EduKit du P\u00e8re Belcourt - Farmers&#039; Bank of Rustico &amp; Doucet House Museums\" \/>\n<meta property=\"og:description\" content=\"Le p\u00e8re Georges-Antoine Belcourt est un homme qui a laiss\u00e9 sa marque en Acadie, en particulier \u00e0 Rustico, \u00cele-du-Prince-\u00c9douard, o\u00f9 il fut cur\u00e9 pendant 10 ans, soit de 1859 \u00e0 1869. Originaire de la province de Qu\u00e9bec, il se rend \u00e0 l\u2019\u00cele apr\u00e8s avoir \u0153uvr\u00e9 \u00e0 titre de missionnaire pendant 28 ans aupr\u00e8s des Premi\u00e8res Nations et des M\u00e9tis du Manitoba et du Dakota du Nord. Ayant un certain don pour les langues, il communique ais\u00e9ment en fran\u00e7ais, en anglais et aussi en certaines langues autochtones parl\u00e9es dans l\u2019Ouest. Le p\u00e8re Belcourt est un pr\u00eatre qui s\u2019engage \u00e0 fond dans les collectivit\u00e9s o\u00f9 il travaille, cherchant toujours \u00e0 am\u00e9liorer le sort \u00e9conomique et social de ses paroissiens. Il est un homme de vision aux nombreux talents.  L\u2019histoire du p\u00e8re Belcourt est c\u00e9l\u00e9br\u00e9e et partag\u00e9e gr\u00e2ce au Prix John Bragg pour le Canada atlantique \u2013 un nouveau programme de subvention qui promeut et pr\u00e9serve l\u2019histoire des leaders communautaires de la r\u00e9gion. Ce prix est rendu possible gr\u00e2ce \u00e0 la Fondation River Philip et est administr\u00e9 par la Soci\u00e9t\u00e9 d\u2019histoire nationale du Canada.\" \/>\n<meta property=\"og:url\" content=\"https:\/\/farmersbank.ca\/fr\/produit\/le-projet-edukit-du-pere-belcourt\/\" \/>\n<meta property=\"og:site_name\" content=\"Farmers&#039; Bank of Rustico &amp; Doucet House Museums\" \/>\n<meta property=\"article:publisher\" content=\"https:\/\/www.facebook.com\/farmers.rustico\" \/>\n<meta property=\"article:modified_time\" content=\"2023-12-11T18:12:24+00:00\" \/>\n<meta property=\"og:image\" content=\"https:\/\/farmersbank.ca\/wp-content\/uploads\/2023\/12\/Le-projet-EduKit-du-Pere-Belcourt.png\" \/>\n\t<meta property=\"og:image:width\" content=\"600\" \/>\n\t<meta property=\"og:image:height\" content=\"765\" \/>\n\t<meta property=\"og:image:type\" content=\"image\/png\" \/>\n<meta name=\"twitter:card\" content=\"summary_large_image\" \/>\n<meta name=\"twitter:site\" content=\"@farmersbankpei\" \/>\n<script type=\"application\/ld+json\" class=\"yoast-schema-graph\">{\"@context\":\"https:\\\/\\\/schema.org\",\"@graph\":[{\"@type\":\"WebPage\",\"@id\":\"https:\\\/\\\/farmersbank.ca\\\/fr\\\/produit\\\/le-projet-edukit-du-pere-belcourt\\\/\",\"url\":\"https:\\\/\\\/farmersbank.ca\\\/fr\\\/produit\\\/le-projet-edukit-du-pere-belcourt\\\/\",\"name\":\"Le projet EduKit du P\u00e8re Belcourt - Farmers&#039; Bank of Rustico &amp; Doucet House Museums\",\"isPartOf\":{\"@id\":\"https:\\\/\\\/farmersbank.ca\\\/#website\"},\"primaryImageOfPage\":{\"@id\":\"https:\\\/\\\/farmersbank.ca\\\/fr\\\/produit\\\/le-projet-edukit-du-pere-belcourt\\\/#primaryimage\"},\"image\":{\"@id\":\"https:\\\/\\\/farmersbank.ca\\\/fr\\\/produit\\\/le-projet-edukit-du-pere-belcourt\\\/#primaryimage\"},\"thumbnailUrl\":\"https:\\\/\\\/farmersbank.ca\\\/wp-content\\\/uploads\\\/2023\\\/12\\\/Le-projet-EduKit-du-Pere-Belcourt.png\",\"datePublished\":\"2023-12-11T17:56:59+00:00\",\"dateModified\":\"2023-12-11T18:12:24+00:00\",\"breadcrumb\":{\"@id\":\"https:\\\/\\\/farmersbank.ca\\\/fr\\\/produit\\\/le-projet-edukit-du-pere-belcourt\\\/#breadcrumb\"},\"inLanguage\":\"fr-FR\",\"potentialAction\":[{\"@type\":\"ReadAction\",\"target\":[\"https:\\\/\\\/farmersbank.ca\\\/fr\\\/produit\\\/le-projet-edukit-du-pere-belcourt\\\/\"]}]},{\"@type\":\"ImageObject\",\"inLanguage\":\"fr-FR\",\"@id\":\"https:\\\/\\\/farmersbank.ca\\\/fr\\\/produit\\\/le-projet-edukit-du-pere-belcourt\\\/#primaryimage\",\"url\":\"https:\\\/\\\/farmersbank.ca\\\/wp-content\\\/uploads\\\/2023\\\/12\\\/Le-projet-EduKit-du-Pere-Belcourt.png\",\"contentUrl\":\"https:\\\/\\\/farmersbank.ca\\\/wp-content\\\/uploads\\\/2023\\\/12\\\/Le-projet-EduKit-du-Pere-Belcourt.png\",\"width\":600,\"height\":765,\"caption\":\"Le-projet-EduKit-du-Pere-Belcourt\"},{\"@type\":\"BreadcrumbList\",\"@id\":\"https:\\\/\\\/farmersbank.ca\\\/fr\\\/produit\\\/le-projet-edukit-du-pere-belcourt\\\/#breadcrumb\",\"itemListElement\":[{\"@type\":\"ListItem\",\"position\":1,\"name\":\"Home\",\"item\":\"https:\\\/\\\/farmersbank.ca\\\/fr\\\/\"},{\"@type\":\"ListItem\",\"position\":2,\"name\":\"Boutique\",\"item\":\"https:\\\/\\\/farmersbank.ca\\\/fr\\\/shop\\\/\"},{\"@type\":\"ListItem\",\"position\":3,\"name\":\"Le projet EduKit du P\u00e8re Belcourt\"}]},{\"@type\":\"WebSite\",\"@id\":\"https:\\\/\\\/farmersbank.ca\\\/#website\",\"url\":\"https:\\\/\\\/farmersbank.ca\\\/\",\"name\":\"Farmers Bank of Rustico & Doucet House Museums\",\"description\":\"North Rustico, Prince Edward Island\",\"publisher\":{\"@id\":\"https:\\\/\\\/farmersbank.ca\\\/#organization\"},\"potentialAction\":[{\"@type\":\"SearchAction\",\"target\":{\"@type\":\"EntryPoint\",\"urlTemplate\":\"https:\\\/\\\/farmersbank.ca\\\/?s={search_term_string}\"},\"query-input\":{\"@type\":\"PropertyValueSpecification\",\"valueRequired\":true,\"valueName\":\"search_term_string\"}}],\"inLanguage\":\"fr-FR\"},{\"@type\":\"Organization\",\"@id\":\"https:\\\/\\\/farmersbank.ca\\\/#organization\",\"name\":\"Farmers Bank of Rustico & Doucet House Museums\",\"url\":\"https:\\\/\\\/farmersbank.ca\\\/\",\"logo\":{\"@type\":\"ImageObject\",\"inLanguage\":\"fr-FR\",\"@id\":\"https:\\\/\\\/farmersbank.ca\\\/#\\\/schema\\\/logo\\\/image\\\/\",\"url\":\"https:\\\/\\\/farmersbank.ca\\\/wp-content\\\/uploads\\\/2023\\\/02\\\/SEO-Farmers-Bank-Doucet-House-logo-en.jpg\",\"contentUrl\":\"https:\\\/\\\/farmersbank.ca\\\/wp-content\\\/uploads\\\/2023\\\/02\\\/SEO-Farmers-Bank-Doucet-House-logo-en.jpg\",\"width\":690,\"height\":690,\"caption\":\"Farmers Bank of Rustico & Doucet House Museums\"},\"image\":{\"@id\":\"https:\\\/\\\/farmersbank.ca\\\/#\\\/schema\\\/logo\\\/image\\\/\"},\"sameAs\":[\"https:\\\/\\\/www.facebook.com\\\/farmers.rustico\",\"https:\\\/\\\/x.com\\\/farmersbankpei\",\"https:\\\/\\\/www.instagram.com\\\/farmersbankpei\\\/\"]}]}<\/script>\n<!-- \/ Yoast SEO plugin. -->","yoast_head_json":{"title":"Le projet EduKit du P\u00e8re Belcourt - Farmers&#039; Bank of Rustico &amp; Doucet House Museums","robots":{"index":"index","follow":"follow","max-snippet":"max-snippet:-1","max-image-preview":"max-image-preview:large","max-video-preview":"max-video-preview:-1"},"canonical":"https:\/\/farmersbank.ca\/fr\/produit\/le-projet-edukit-du-pere-belcourt\/","og_locale":"fr_FR","og_type":"article","og_title":"Le projet EduKit du P\u00e8re Belcourt - Farmers&#039; Bank of Rustico &amp; Doucet House Museums","og_description":"Le p\u00e8re Georges-Antoine Belcourt est un homme qui a laiss\u00e9 sa marque en Acadie, en particulier \u00e0 Rustico, \u00cele-du-Prince-\u00c9douard, o\u00f9 il fut cur\u00e9 pendant 10 ans, soit de 1859 \u00e0 1869. Originaire de la province de Qu\u00e9bec, il se rend \u00e0 l\u2019\u00cele apr\u00e8s avoir \u0153uvr\u00e9 \u00e0 titre de missionnaire pendant 28 ans aupr\u00e8s des Premi\u00e8res Nations et des M\u00e9tis du Manitoba et du Dakota du Nord. Ayant un certain don pour les langues, il communique ais\u00e9ment en fran\u00e7ais, en anglais et aussi en certaines langues autochtones parl\u00e9es dans l\u2019Ouest. Le p\u00e8re Belcourt est un pr\u00eatre qui s\u2019engage \u00e0 fond dans les collectivit\u00e9s o\u00f9 il travaille, cherchant toujours \u00e0 am\u00e9liorer le sort \u00e9conomique et social de ses paroissiens. Il est un homme de vision aux nombreux talents.  L\u2019histoire du p\u00e8re Belcourt est c\u00e9l\u00e9br\u00e9e et partag\u00e9e gr\u00e2ce au Prix John Bragg pour le Canada atlantique \u2013 un nouveau programme de subvention qui promeut et pr\u00e9serve l\u2019histoire des leaders communautaires de la r\u00e9gion. Ce prix est rendu possible gr\u00e2ce \u00e0 la Fondation River Philip et est administr\u00e9 par la Soci\u00e9t\u00e9 d\u2019histoire nationale du Canada.","og_url":"https:\/\/farmersbank.ca\/fr\/produit\/le-projet-edukit-du-pere-belcourt\/","og_site_name":"Farmers&#039; Bank of Rustico &amp; Doucet House Museums","article_publisher":"https:\/\/www.facebook.com\/farmers.rustico","article_modified_time":"2023-12-11T18:12:24+00:00","og_image":[{"width":600,"height":765,"url":"https:\/\/farmersbank.ca\/wp-content\/uploads\/2023\/12\/Le-projet-EduKit-du-Pere-Belcourt.png","type":"image\/png"}],"twitter_card":"summary_large_image","twitter_site":"@farmersbankpei","schema":{"@context":"https:\/\/schema.org","@graph":[{"@type":"WebPage","@id":"https:\/\/farmersbank.ca\/fr\/produit\/le-projet-edukit-du-pere-belcourt\/","url":"https:\/\/farmersbank.ca\/fr\/produit\/le-projet-edukit-du-pere-belcourt\/","name":"Le projet EduKit du P\u00e8re Belcourt - Farmers&#039; Bank of Rustico &amp; Doucet House Museums","isPartOf":{"@id":"https:\/\/farmersbank.ca\/#website"},"primaryImageOfPage":{"@id":"https:\/\/farmersbank.ca\/fr\/produit\/le-projet-edukit-du-pere-belcourt\/#primaryimage"},"image":{"@id":"https:\/\/farmersbank.ca\/fr\/produit\/le-projet-edukit-du-pere-belcourt\/#primaryimage"},"thumbnailUrl":"https:\/\/farmersbank.ca\/wp-content\/uploads\/2023\/12\/Le-projet-EduKit-du-Pere-Belcourt.png","datePublished":"2023-12-11T17:56:59+00:00","dateModified":"2023-12-11T18:12:24+00:00","breadcrumb":{"@id":"https:\/\/farmersbank.ca\/fr\/produit\/le-projet-edukit-du-pere-belcourt\/#breadcrumb"},"inLanguage":"fr-FR","potentialAction":[{"@type":"ReadAction","target":["https:\/\/farmersbank.ca\/fr\/produit\/le-projet-edukit-du-pere-belcourt\/"]}]},{"@type":"ImageObject","inLanguage":"fr-FR","@id":"https:\/\/farmersbank.ca\/fr\/produit\/le-projet-edukit-du-pere-belcourt\/#primaryimage","url":"https:\/\/farmersbank.ca\/wp-content\/uploads\/2023\/12\/Le-projet-EduKit-du-Pere-Belcourt.png","contentUrl":"https:\/\/farmersbank.ca\/wp-content\/uploads\/2023\/12\/Le-projet-EduKit-du-Pere-Belcourt.png","width":600,"height":765,"caption":"Le-projet-EduKit-du-Pere-Belcourt"},{"@type":"BreadcrumbList","@id":"https:\/\/farmersbank.ca\/fr\/produit\/le-projet-edukit-du-pere-belcourt\/#breadcrumb","itemListElement":[{"@type":"ListItem","position":1,"name":"Home","item":"https:\/\/farmersbank.ca\/fr\/"},{"@type":"ListItem","position":2,"name":"Boutique","item":"https:\/\/farmersbank.ca\/fr\/shop\/"},{"@type":"ListItem","position":3,"name":"Le projet EduKit du P\u00e8re Belcourt"}]},{"@type":"WebSite","@id":"https:\/\/farmersbank.ca\/#website","url":"https:\/\/farmersbank.ca\/","name":"Farmers Bank of Rustico & Doucet House Museums","description":"North Rustico, Prince Edward Island","publisher":{"@id":"https:\/\/farmersbank.ca\/#organization"},"potentialAction":[{"@type":"SearchAction","target":{"@type":"EntryPoint","urlTemplate":"https:\/\/farmersbank.ca\/?s={search_term_string}"},"query-input":{"@type":"PropertyValueSpecification","valueRequired":true,"valueName":"search_term_string"}}],"inLanguage":"fr-FR"},{"@type":"Organization","@id":"https:\/\/farmersbank.ca\/#organization","name":"Farmers Bank of Rustico & Doucet House Museums","url":"https:\/\/farmersbank.ca\/","logo":{"@type":"ImageObject","inLanguage":"fr-FR","@id":"https:\/\/farmersbank.ca\/#\/schema\/logo\/image\/","url":"https:\/\/farmersbank.ca\/wp-content\/uploads\/2023\/02\/SEO-Farmers-Bank-Doucet-House-logo-en.jpg","contentUrl":"https:\/\/farmersbank.ca\/wp-content\/uploads\/2023\/02\/SEO-Farmers-Bank-Doucet-House-logo-en.jpg","width":690,"height":690,"caption":"Farmers Bank of Rustico & Doucet House Museums"},"image":{"@id":"https:\/\/farmersbank.ca\/#\/schema\/logo\/image\/"},"sameAs":["https:\/\/www.facebook.com\/farmers.rustico","https:\/\/x.com\/farmersbankpei","https:\/\/www.instagram.com\/farmersbankpei\/"]}]}},"acf":[],"jetpack_sharing_enabled":true,"_links":{"self":[{"href":"https:\/\/farmersbank.ca\/fr\/wp-json\/wp\/v2\/product\/3291","targetHints":{"allow":["GET"]}}],"collection":[{"href":"https:\/\/farmersbank.ca\/fr\/wp-json\/wp\/v2\/product"}],"about":[{"href":"https:\/\/farmersbank.ca\/fr\/wp-json\/wp\/v2\/types\/product"}],"wp:featuredmedia":[{"embeddable":true,"href":"https:\/\/farmersbank.ca\/fr\/wp-json\/wp\/v2\/media\/3281"}],"wp:attachment":[{"href":"https:\/\/farmersbank.ca\/fr\/wp-json\/wp\/v2\/media?parent=3291"}],"wp:term":[{"taxonomy":"product_brand","embeddable":true,"href":"https:\/\/farmersbank.ca\/fr\/wp-json\/wp\/v2\/product_brand?post=3291"},{"taxonomy":"product_cat","embeddable":true,"href":"https:\/\/farmersbank.ca\/fr\/wp-json\/wp\/v2\/product_cat?post=3291"},{"taxonomy":"product_tag","embeddable":true,"href":"https:\/\/farmersbank.ca\/fr\/wp-json\/wp\/v2\/product_tag?post=3291"}],"curies":[{"name":"wp","href":"https:\/\/api.w.org\/{rel}","templated":true}]}}